{"id":66445,"date":"2022-12-01T08:49:22","date_gmt":"2022-12-01T08:49:22","guid":{"rendered":"https:\/\/logistiikkakeskus.net\/kauppa\/tuote\/laserkasetti-hp-cf280x-musta\/"},"modified":"2026-01-20T09:14:38","modified_gmt":"2026-01-20T07:14:38","slug":"laserkasetti-hp-cf280x-musta","status":"publish","type":"product","link":"https:\/\/logistiikkakeskus.net\/kauppa\/tuote\/laserkasetti-hp-cf280x-musta\/","title":{"rendered":"Laserkasetti hp cf280x, musta"},"content":{"rendered":"<h2>Laserkasetti HP CF280XC (6.9k), musta<\/h2>\n<p> Alkuper\u00e4inen mustalaserv\u00e4rikasetti, joka antaa korkealaatuisen tulostusj\u00e4ljen.Laserkasetti omaa suuren tulostuskapasiteetin &#8211; t\u00e4ll\u00e4 tulostat 6500sivua 5% peitolla.<\/p>\n<ul><b>Sopii seuraaviin laitteisiin:<\/b><\/p>\n<li>HPLaserjet Pro 400 M401a\n<li> HP Laserjet Pro 400 M401d\n<li>HP Laserjet Pro400 M401dn\n<li>HP Laserjet Pro 400 M401dw\n<li>HP Laserjet Pro 400 M401n\n<li>HP Laserjet Pro 400 MFP M425dw\n<li>HP Laserjet Pro 400 MFP M425dn<\/ul>\n<p> <i>toimittajan tuotenro. CF280XC Bruce Campbell<br hakusanat:Tulostintarvikkeet, Hewlett-Packard, laserv\u00e4rikasetti, laserkasetti,mustepatruuna, Tulostimet, lasertulostimet, v\u00e4rikasetit, EX-CF280X<\/i><\/p>\n","protected":false},"excerpt":{"rendered":"<p>Laserkasetti HP CF280XC (6.9k), musta Alkuper\u00e4inen mustalaserv\u00e4rikasetti, joka antaa korkealaatuisen tulostusj\u00e4ljen.Laserkasetti omaa suuren tulostuskapasiteetin &#8211; t\u00e4ll\u00e4 tulostat 6500sivua 5% peitolla. Sopii seuraaviin laitteisiin: HPLaserjet Pro 400 M401a HP Laserjet Pro 400 M401d HP Laserjet Pro400 M401dn HP Laserjet Pro 400 M401dw HP Laserjet Pro 400 M401n HP Laserjet Pro 400 MFP M425dw HP Laserjet Pro [&hellip;]<\/p>\n","protected":false},"featured_media":101412,"comment_status":"open","ping_status":"closed","template":"","meta":[],"product_brand":[],"product_cat":[3243],"product_tag":[],"class_list":{"0":"post-66445","1":"product","2":"type-product","3":"status-publish","4":"has-post-thumbnail","6":"product_cat-it-toimisto-sahkolaitteet-ja-tarv-tulostustarvikkeet-laserkasetit-hp","8":"first","9":"instock","10":"shipping-taxable","11":"purchasable","12":"product-type-simple"},"_links":{"self":[{"href":"https:\/\/logistiikkakeskus.net\/kauppa\/wp-json\/wp\/v2\/product\/66445","targetHints":{"allow":["GET"]}}],"collection":[{"href":"https:\/\/logistiikkakeskus.net\/kauppa\/wp-json\/wp\/v2\/product"}],"about":[{"href":"https:\/\/logistiikkakeskus.net\/kauppa\/wp-json\/wp\/v2\/types\/product"}],"replies":[{"embeddable":true,"href":"https:\/\/logistiikkakeskus.net\/kauppa\/wp-json\/wp\/v2\/comments?post=66445"}],"wp:featuredmedia":[{"embeddable":true,"href":"https:\/\/logistiikkakeskus.net\/kauppa\/wp-json\/wp\/v2\/media\/101412"}],"wp:attachment":[{"href":"https:\/\/logistiikkakeskus.net\/kauppa\/wp-json\/wp\/v2\/media?parent=66445"}],"wp:term":[{"taxonomy":"product_brand","embeddable":true,"href":"https:\/\/logistiikkakeskus.net\/kauppa\/wp-json\/wp\/v2\/product_brand?post=66445"},{"taxonomy":"product_cat","embeddable":true,"href":"https:\/\/logistiikkakeskus.net\/kauppa\/wp-json\/wp\/v2\/product_cat?post=66445"},{"taxonomy":"product_tag","embeddable":true,"href":"https:\/\/logistiikkakeskus.net\/kauppa\/wp-json\/wp\/v2\/product_tag?post=66445"}],"curies":[{"name":"wp","href":"https:\/\/api.w.org\/{rel}","templated":true}]}}