{"id":66433,"date":"2022-12-01T08:49:18","date_gmt":"2022-12-01T08:49:18","guid":{"rendered":"https:\/\/logistiikkakeskus.net\/kauppa\/tuote\/laserkasetti-hp-cb436a-musta\/"},"modified":"2026-01-20T09:14:38","modified_gmt":"2026-01-20T07:14:38","slug":"laserkasetti-hp-cb436a-musta","status":"publish","type":"product","link":"https:\/\/logistiikkakeskus.net\/kauppa\/tuote\/laserkasetti-hp-cb436a-musta\/","title":{"rendered":"Laserkasetti hp cb436a, musta"},"content":{"rendered":"<h2>Laserkasetti HP CB436AC (2k), musta <\/h2>\n<p>Alkuper\u00e4inenlaserv\u00e4rikasetti, joka antaa  korkealaatuisen tulostusj\u00e4ljen. T\u00e4ll\u00e4kasetilla tulostat 2000 sivua 5% peitolla.<\/p>\n<ul><b>Sopii  seuraaviinlaitteisiin:<\/b><\/p>\n<li>HP Laserjet M1120\n<li>HP Laserjet M1120n\n<li>HPLaserjet M1120 mfp\n<li>HP Laserjet M1129 mfp\n<li>HP Laserjet M1522 mfp\n<li>HP Laserjet M1522n\n<li>HP Laserjet M1522nf mfp\n<li>HP Laserjet P1505\n<li>HP Laserjet P1505n\n<li>HP Laserjet P1505 mfp<\/ul>\n<p><i> toimittajantuotenro. CB436AC Bruce Campbell<br \/> hakusanat: Tulostintarvikkeet,Hewlett-Packard, tulostinkasetti, laserv\u00e4rikasetti, laserkasetti,mustepatruuna, Tulostimet, lasertulostimet, v\u00e4rikasetit, EX-CB436A<\/i><\/p>\n","protected":false},"excerpt":{"rendered":"<p>Laserkasetti HP CB436AC (2k), musta Alkuper\u00e4inenlaserv\u00e4rikasetti, joka antaa korkealaatuisen tulostusj\u00e4ljen. T\u00e4ll\u00e4kasetilla tulostat 2000 sivua 5% peitolla. Sopii seuraaviinlaitteisiin: HP Laserjet M1120 HP Laserjet M1120n HPLaserjet M1120 mfp HP Laserjet M1129 mfp HP Laserjet M1522 mfp HP Laserjet M1522n HP Laserjet M1522nf mfp HP Laserjet P1505 HP Laserjet P1505n HP Laserjet P1505 mfp toimittajantuotenro. CB436AC Bruce [&hellip;]<\/p>\n","protected":false},"featured_media":101407,"comment_status":"open","ping_status":"closed","template":"","meta":[],"product_brand":[],"product_cat":[3243],"product_tag":[],"class_list":{"0":"post-66433","1":"product","2":"type-product","3":"status-publish","4":"has-post-thumbnail","6":"product_cat-it-toimisto-sahkolaitteet-ja-tarv-tulostustarvikkeet-laserkasetit-hp","8":"first","9":"instock","10":"shipping-taxable","11":"purchasable","12":"product-type-simple"},"_links":{"self":[{"href":"https:\/\/logistiikkakeskus.net\/kauppa\/wp-json\/wp\/v2\/product\/66433","targetHints":{"allow":["GET"]}}],"collection":[{"href":"https:\/\/logistiikkakeskus.net\/kauppa\/wp-json\/wp\/v2\/product"}],"about":[{"href":"https:\/\/logistiikkakeskus.net\/kauppa\/wp-json\/wp\/v2\/types\/product"}],"replies":[{"embeddable":true,"href":"https:\/\/logistiikkakeskus.net\/kauppa\/wp-json\/wp\/v2\/comments?post=66433"}],"wp:featuredmedia":[{"embeddable":true,"href":"https:\/\/logistiikkakeskus.net\/kauppa\/wp-json\/wp\/v2\/media\/101407"}],"wp:attachment":[{"href":"https:\/\/logistiikkakeskus.net\/kauppa\/wp-json\/wp\/v2\/media?parent=66433"}],"wp:term":[{"taxonomy":"product_brand","embeddable":true,"href":"https:\/\/logistiikkakeskus.net\/kauppa\/wp-json\/wp\/v2\/product_brand?post=66433"},{"taxonomy":"product_cat","embeddable":true,"href":"https:\/\/logistiikkakeskus.net\/kauppa\/wp-json\/wp\/v2\/product_cat?post=66433"},{"taxonomy":"product_tag","embeddable":true,"href":"https:\/\/logistiikkakeskus.net\/kauppa\/wp-json\/wp\/v2\/product_tag?post=66433"}],"curies":[{"name":"wp","href":"https:\/\/api.w.org\/{rel}","templated":true}]}}