{"id":66427,"date":"2022-12-01T08:49:17","date_gmt":"2022-12-01T08:49:17","guid":{"rendered":"https:\/\/logistiikkakeskus.net\/kauppa\/tuote\/laserkasetti-hp-q5949a-musta\/"},"modified":"2026-01-20T09:14:37","modified_gmt":"2026-01-20T07:14:37","slug":"laserkasetti-hp-q5949a-musta","status":"publish","type":"product","link":"https:\/\/logistiikkakeskus.net\/kauppa\/tuote\/laserkasetti-hp-q5949a-musta\/","title":{"rendered":"Laserkasetti hp q5949a, musta"},"content":{"rendered":"<h2>Laserkasetti HP Q5949A (2.5k), musta <\/h2>\n<p>Alkuper\u00e4inen mustalaserv\u00e4rikasetti, joka antaa korkealaatuisen tulostusj\u00e4ljen.Laserkasetin  tulostuskapasiteetti on 2500 sivua 5% peitolla. <\/p>\n<ul><b>Sopii seuraaviin tulostimiin:<\/b><\/p>\n<li>HP  Laserjet 1160\n<li>HP Laserjet1160LE\n<li>HP Laserjet 1320\n<li>HP Laserjet 1320N\n<li>HP Laserjet 1320NW\n<li>HP Laserjet 1320TN\n<li>HP Laserjet 1329\n<li>HP Laserjet 3390\n<li>HPLaserjet 3390AiO (All-in-One)\n<li>HP Laserjet 3392\n<li>HP Laserjet 3392AiO(All-in-One)<\/ul>\n<p><i> toimittajan tuotenro. Q5949A Bruce Campbell<br \/>hakusanat: Tulostintarvikkeet, Hewlett-Packard, lasertulostin,mustekasetti, laserv\u00e4rikasetti, tulostinkasetti<\/i><\/p>\n","protected":false},"excerpt":{"rendered":"<p>Laserkasetti HP Q5949A (2.5k), musta Alkuper\u00e4inen mustalaserv\u00e4rikasetti, joka antaa korkealaatuisen tulostusj\u00e4ljen.Laserkasetin tulostuskapasiteetti on 2500 sivua 5% peitolla. Sopii seuraaviin tulostimiin: HP Laserjet 1160 HP Laserjet1160LE HP Laserjet 1320 HP Laserjet 1320N HP Laserjet 1320NW HP Laserjet 1320TN HP Laserjet 1329 HP Laserjet 3390 HPLaserjet 3390AiO (All-in-One) HP Laserjet 3392 HP Laserjet 3392AiO(All-in-One) toimittajan tuotenro. Q5949A [&hellip;]<\/p>\n","protected":false},"featured_media":101405,"comment_status":"open","ping_status":"closed","template":"","meta":[],"product_brand":[],"product_cat":[3243],"product_tag":[],"class_list":{"0":"post-66427","1":"product","2":"type-product","3":"status-publish","4":"has-post-thumbnail","6":"product_cat-it-toimisto-sahkolaitteet-ja-tarv-tulostustarvikkeet-laserkasetit-hp","8":"first","9":"instock","10":"shipping-taxable","11":"purchasable","12":"product-type-simple"},"_links":{"self":[{"href":"https:\/\/logistiikkakeskus.net\/kauppa\/wp-json\/wp\/v2\/product\/66427","targetHints":{"allow":["GET"]}}],"collection":[{"href":"https:\/\/logistiikkakeskus.net\/kauppa\/wp-json\/wp\/v2\/product"}],"about":[{"href":"https:\/\/logistiikkakeskus.net\/kauppa\/wp-json\/wp\/v2\/types\/product"}],"replies":[{"embeddable":true,"href":"https:\/\/logistiikkakeskus.net\/kauppa\/wp-json\/wp\/v2\/comments?post=66427"}],"wp:featuredmedia":[{"embeddable":true,"href":"https:\/\/logistiikkakeskus.net\/kauppa\/wp-json\/wp\/v2\/media\/101405"}],"wp:attachment":[{"href":"https:\/\/logistiikkakeskus.net\/kauppa\/wp-json\/wp\/v2\/media?parent=66427"}],"wp:term":[{"taxonomy":"product_brand","embeddable":true,"href":"https:\/\/logistiikkakeskus.net\/kauppa\/wp-json\/wp\/v2\/product_brand?post=66427"},{"taxonomy":"product_cat","embeddable":true,"href":"https:\/\/logistiikkakeskus.net\/kauppa\/wp-json\/wp\/v2\/product_cat?post=66427"},{"taxonomy":"product_tag","embeddable":true,"href":"https:\/\/logistiikkakeskus.net\/kauppa\/wp-json\/wp\/v2\/product_tag?post=66427"}],"curies":[{"name":"wp","href":"https:\/\/api.w.org\/{rel}","templated":true}]}}