{"id":66417,"date":"2022-12-01T08:49:14","date_gmt":"2022-12-01T08:49:14","guid":{"rendered":"https:\/\/logistiikkakeskus.net\/kauppa\/tuote\/laserkasetti-hp-cf217a-musta\/"},"modified":"2026-01-20T09:14:37","modified_gmt":"2026-01-20T07:14:37","slug":"laserkasetti-hp-cf217a-musta","status":"publish","type":"product","link":"https:\/\/logistiikkakeskus.net\/kauppa\/tuote\/laserkasetti-hp-cf217a-musta\/","title":{"rendered":"Laserkasetti HP CF217A, musta"},"content":{"rendered":"<h2>Laserkasetti HP CF217A (1.6k), musta<\/h2>\n<p>Alkuper\u00e4inenlaserv\u00e4rikasetti, joka antaa korkealaatuisen tulostusj\u00e4ljen.Laserkasetin tulostuskapasiteetti on 1600 sivua.<\/p>\n<ul><b>Sopiiseuraaviin tulostimiin:<\/b><\/p>\n<li>HP Laserjet Pro M102\n<li>HP Laserjet ProM102A\n<li>HP Laserjet Pro M102W\n<li>HP Laserjet Pro MFP M130\n<li>HPLaserjet Pro MFP M130A\n<li>HP Laserjet Pro MFP M130FN\n<li>HPLaserjet ProMFP M130FW\n<li>HP Laserjet Pro MFP M130NW<\/ul>\n<p><i>hakusanat:Tulostintarvikkeet, Hewlett-Packard, tulostinkasetit, CF217AC,HKL-ICT<\/i><\/p>\n","protected":false},"excerpt":{"rendered":"<p>Laserkasetti HP CF217A (1.6k), musta Alkuper\u00e4inenlaserv\u00e4rikasetti, joka antaa korkealaatuisen tulostusj\u00e4ljen.Laserkasetin tulostuskapasiteetti on 1600 sivua. Sopiiseuraaviin tulostimiin: HP Laserjet Pro M102 HP Laserjet ProM102A HP Laserjet Pro M102W HP Laserjet Pro MFP M130 HPLaserjet Pro MFP M130A HP Laserjet Pro MFP M130FN HPLaserjet ProMFP M130FW HP Laserjet Pro MFP M130NW hakusanat:Tulostintarvikkeet, Hewlett-Packard, tulostinkasetit, CF217AC,HKL-ICT<\/p>\n","protected":false},"featured_media":101402,"comment_status":"open","ping_status":"closed","template":"","meta":[],"product_brand":[],"product_cat":[3243],"product_tag":[],"class_list":{"0":"post-66417","1":"product","2":"type-product","3":"status-publish","4":"has-post-thumbnail","6":"product_cat-it-toimisto-sahkolaitteet-ja-tarv-tulostustarvikkeet-laserkasetit-hp","8":"first","9":"instock","10":"shipping-taxable","11":"purchasable","12":"product-type-simple"},"_links":{"self":[{"href":"https:\/\/logistiikkakeskus.net\/kauppa\/wp-json\/wp\/v2\/product\/66417","targetHints":{"allow":["GET"]}}],"collection":[{"href":"https:\/\/logistiikkakeskus.net\/kauppa\/wp-json\/wp\/v2\/product"}],"about":[{"href":"https:\/\/logistiikkakeskus.net\/kauppa\/wp-json\/wp\/v2\/types\/product"}],"replies":[{"embeddable":true,"href":"https:\/\/logistiikkakeskus.net\/kauppa\/wp-json\/wp\/v2\/comments?post=66417"}],"wp:featuredmedia":[{"embeddable":true,"href":"https:\/\/logistiikkakeskus.net\/kauppa\/wp-json\/wp\/v2\/media\/101402"}],"wp:attachment":[{"href":"https:\/\/logistiikkakeskus.net\/kauppa\/wp-json\/wp\/v2\/media?parent=66417"}],"wp:term":[{"taxonomy":"product_brand","embeddable":true,"href":"https:\/\/logistiikkakeskus.net\/kauppa\/wp-json\/wp\/v2\/product_brand?post=66417"},{"taxonomy":"product_cat","embeddable":true,"href":"https:\/\/logistiikkakeskus.net\/kauppa\/wp-json\/wp\/v2\/product_cat?post=66417"},{"taxonomy":"product_tag","embeddable":true,"href":"https:\/\/logistiikkakeskus.net\/kauppa\/wp-json\/wp\/v2\/product_tag?post=66417"}],"curies":[{"name":"wp","href":"https:\/\/api.w.org\/{rel}","templated":true}]}}