{"id":65911,"date":"2022-12-01T08:46:43","date_gmt":"2022-12-01T08:46:43","guid":{"rendered":"https:\/\/logistiikkakeskus.net\/kauppa\/tuote\/kuulamustekyna-0-7-mm-musta\/"},"modified":"2026-01-20T09:14:09","modified_gmt":"2026-01-20T07:14:09","slug":"kuulamustekyna-0-7-mm-musta","status":"publish","type":"product","link":"https:\/\/logistiikkakeskus.net\/kauppa\/tuote\/kuulamustekyna-0-7-mm-musta\/","title":{"rendered":"Kuulamustekyn\u00e4 0.7 mm, musta"},"content":{"rendered":"<p>Myyntiyksikk\u00f6 KPL, ryhm\u00e4pak. 12 kpl\/ras<\/p>\n<h2>Kuulamustekyn\u00e4 Jetstream SXN-217, musta<\/h2>\n<p>Laadukas ja liukuva mustekyn\u00e4 toimistoon tai piirt\u00e4miseen.Kyn\u00e4nmuste on juoksevammassa muodossa &#8211; tarkkarajainen ja ohut piirtoj\u00e4lki.<\/p>\n<p><i>Hakusanat: toimistotarvikkeet, mustekyn\u00e4t, kuulakyn\u00e4t,kirjoitustarvikkeet, kuulamusterollerit, kuulak\u00e4rkikyn\u00e4t,kuulamustekyn\u00e4t<\/i><\/p>\n","protected":false},"excerpt":{"rendered":"<p>Myyntiyksikk\u00f6 KPL, ryhm\u00e4pak. 12 kpl\/ras Kuulamustekyn\u00e4 Jetstream SXN-217, musta Laadukas ja liukuva mustekyn\u00e4 toimistoon tai piirt\u00e4miseen.Kyn\u00e4nmuste on juoksevammassa muodossa &#8211; tarkkarajainen ja ohut piirtoj\u00e4lki. Hakusanat: toimistotarvikkeet, mustekyn\u00e4t, kuulakyn\u00e4t,kirjoitustarvikkeet, kuulamusterollerit, kuulak\u00e4rkikyn\u00e4t,kuulamustekyn\u00e4t<\/p>\n","protected":false},"featured_media":101064,"comment_status":"open","ping_status":"closed","template":"","meta":[],"product_brand":[],"product_cat":[3215],"product_tag":[],"class_list":{"0":"post-65911","1":"product","2":"type-product","3":"status-publish","4":"has-post-thumbnail","6":"product_cat-toimistotarvikkeet-kirjoitustarvikkeet-geeli-ja-kuitukarkikynat","8":"first","9":"instock","10":"shipping-taxable","11":"purchasable","12":"product-type-simple"},"_links":{"self":[{"href":"https:\/\/logistiikkakeskus.net\/kauppa\/wp-json\/wp\/v2\/product\/65911","targetHints":{"allow":["GET"]}}],"collection":[{"href":"https:\/\/logistiikkakeskus.net\/kauppa\/wp-json\/wp\/v2\/product"}],"about":[{"href":"https:\/\/logistiikkakeskus.net\/kauppa\/wp-json\/wp\/v2\/types\/product"}],"replies":[{"embeddable":true,"href":"https:\/\/logistiikkakeskus.net\/kauppa\/wp-json\/wp\/v2\/comments?post=65911"}],"wp:featuredmedia":[{"embeddable":true,"href":"https:\/\/logistiikkakeskus.net\/kauppa\/wp-json\/wp\/v2\/media\/101064"}],"wp:attachment":[{"href":"https:\/\/logistiikkakeskus.net\/kauppa\/wp-json\/wp\/v2\/media?parent=65911"}],"wp:term":[{"taxonomy":"product_brand","embeddable":true,"href":"https:\/\/logistiikkakeskus.net\/kauppa\/wp-json\/wp\/v2\/product_brand?post=65911"},{"taxonomy":"product_cat","embeddable":true,"href":"https:\/\/logistiikkakeskus.net\/kauppa\/wp-json\/wp\/v2\/product_cat?post=65911"},{"taxonomy":"product_tag","embeddable":true,"href":"https:\/\/logistiikkakeskus.net\/kauppa\/wp-json\/wp\/v2\/product_tag?post=65911"}],"curies":[{"name":"wp","href":"https:\/\/api.w.org\/{rel}","templated":true}]}}