{"id":65901,"date":"2022-12-01T08:46:41","date_gmt":"2022-12-01T08:46:41","guid":{"rendered":"https:\/\/logistiikkakeskus.net\/kauppa\/tuote\/geelikyna-0-5-mm-punainen\/"},"modified":"2026-01-20T09:14:09","modified_gmt":"2026-01-20T07:14:09","slug":"geelikyna-0-5-mm-punainen","status":"publish","type":"product","link":"https:\/\/logistiikkakeskus.net\/kauppa\/tuote\/geelikyna-0-5-mm-punainen\/","title":{"rendered":"Geelikyn\u00e4 0.5 mm, punainen"},"content":{"rendered":"<p>Myyntiyksikk\u00f6 KPL, ryhm\u00e4pak. 12 kpl\/ras<\/p>\n<h2>Geelikyn\u00e4 0.5 mm, punainen<\/h2>\n<p>Geelikyn\u00e4 piirt\u00e4miseen ja kirjoittamiseen &#8211; kuulak\u00e4rkikyn\u00e4\u00e4parempiliukuvuus ja juoksevampi muste. Nestem\u00e4ist\u00e4 mustetta sis\u00e4lt\u00e4v\u00e4geelirolleri, kirjoittaa pehme\u00e4n sujuvasti 0,5 mm:n extra fine k\u00e4rjell\u00e4.<\/p>\n<p><i>Hakusanat: toimistotarvikkeet, kirjoitustarvikkeet,kuulamusterollerit, mustekyn\u00e4t, geelimustekyn\u00e4t, mustekuularollerit,geelikuulakyn\u00e4t, kuulakyn\u00e4t, kuivamustekyn\u00e4t, kuulak\u00e4rkikyn\u00e4t<\/i><\/p>\n","protected":false},"excerpt":{"rendered":"<p>Myyntiyksikk\u00f6 KPL, ryhm\u00e4pak. 12 kpl\/ras Geelikyn\u00e4 0.5 mm, punainen Geelikyn\u00e4 piirt\u00e4miseen ja kirjoittamiseen &#8211; kuulak\u00e4rkikyn\u00e4\u00e4parempiliukuvuus ja juoksevampi muste. Nestem\u00e4ist\u00e4 mustetta sis\u00e4lt\u00e4v\u00e4geelirolleri, kirjoittaa pehme\u00e4n sujuvasti 0,5 mm:n extra fine k\u00e4rjell\u00e4. Hakusanat: toimistotarvikkeet, kirjoitustarvikkeet,kuulamusterollerit, mustekyn\u00e4t, geelimustekyn\u00e4t, mustekuularollerit,geelikuulakyn\u00e4t, kuulakyn\u00e4t, kuivamustekyn\u00e4t, kuulak\u00e4rkikyn\u00e4t<\/p>\n","protected":false},"featured_media":101059,"comment_status":"open","ping_status":"closed","template":"","meta":[],"product_brand":[],"product_cat":[3215],"product_tag":[],"class_list":{"0":"post-65901","1":"product","2":"type-product","3":"status-publish","4":"has-post-thumbnail","6":"product_cat-toimistotarvikkeet-kirjoitustarvikkeet-geeli-ja-kuitukarkikynat","8":"first","9":"instock","10":"shipping-taxable","11":"purchasable","12":"product-type-simple"},"_links":{"self":[{"href":"https:\/\/logistiikkakeskus.net\/kauppa\/wp-json\/wp\/v2\/product\/65901","targetHints":{"allow":["GET"]}}],"collection":[{"href":"https:\/\/logistiikkakeskus.net\/kauppa\/wp-json\/wp\/v2\/product"}],"about":[{"href":"https:\/\/logistiikkakeskus.net\/kauppa\/wp-json\/wp\/v2\/types\/product"}],"replies":[{"embeddable":true,"href":"https:\/\/logistiikkakeskus.net\/kauppa\/wp-json\/wp\/v2\/comments?post=65901"}],"wp:featuredmedia":[{"embeddable":true,"href":"https:\/\/logistiikkakeskus.net\/kauppa\/wp-json\/wp\/v2\/media\/101059"}],"wp:attachment":[{"href":"https:\/\/logistiikkakeskus.net\/kauppa\/wp-json\/wp\/v2\/media?parent=65901"}],"wp:term":[{"taxonomy":"product_brand","embeddable":true,"href":"https:\/\/logistiikkakeskus.net\/kauppa\/wp-json\/wp\/v2\/product_brand?post=65901"},{"taxonomy":"product_cat","embeddable":true,"href":"https:\/\/logistiikkakeskus.net\/kauppa\/wp-json\/wp\/v2\/product_cat?post=65901"},{"taxonomy":"product_tag","embeddable":true,"href":"https:\/\/logistiikkakeskus.net\/kauppa\/wp-json\/wp\/v2\/product_tag?post=65901"}],"curies":[{"name":"wp","href":"https:\/\/api.w.org\/{rel}","templated":true}]}}