{"id":65895,"date":"2022-12-01T08:46:39","date_gmt":"2022-12-01T08:46:39","guid":{"rendered":"https:\/\/logistiikkakeskus.net\/kauppa\/tuote\/kuulakarkikyna-0-7-mm-punainen\/"},"modified":"2026-01-20T09:14:09","modified_gmt":"2026-01-20T07:14:09","slug":"kuulakarkikyna-0-7-mm-punainen","status":"publish","type":"product","link":"https:\/\/logistiikkakeskus.net\/kauppa\/tuote\/kuulakarkikyna-0-7-mm-punainen\/","title":{"rendered":"Kuulak\u00e4rkikyn\u00e4 0.8 mm, punainen"},"content":{"rendered":"<p>Myyntiyksikk\u00f6 RAS (20 kyn\u00e4\u00e4)<\/p>\n<h2>Kuulak\u00e4rkikyn\u00e4 0.8 mm fine, punainen<\/h2>\n<p>Kertak\u00e4ytt\u00f6inen mutta laadukas kuulakyn\u00e4 arkistokelpoisellamusteella. K\u00e4rjen suojana irrotettava turvakorkki, jossa my\u00f6staskupidike<\/p>\n<p><i>Hakusanat: toimistotarvikkeet,  kirjoitustarvikkeet,mustekyn\u00e4,kuulak\u00e4rkikyn\u00e4, kuulamusterolleri, kuularolleri, kuivamustekyn\u00e4,kuulakyn\u00e4<\/i><\/p>\n","protected":false},"excerpt":{"rendered":"<p>Myyntiyksikk\u00f6 RAS (20 kyn\u00e4\u00e4) Kuulak\u00e4rkikyn\u00e4 0.8 mm fine, punainen Kertak\u00e4ytt\u00f6inen mutta laadukas kuulakyn\u00e4 arkistokelpoisellamusteella. K\u00e4rjen suojana irrotettava turvakorkki, jossa my\u00f6staskupidike Hakusanat: toimistotarvikkeet, kirjoitustarvikkeet,mustekyn\u00e4,kuulak\u00e4rkikyn\u00e4, kuulamusterolleri, kuularolleri, kuivamustekyn\u00e4,kuulakyn\u00e4<\/p>\n","protected":false},"featured_media":101056,"comment_status":"open","ping_status":"closed","template":"","meta":[],"product_brand":[],"product_cat":[3214],"product_tag":[],"class_list":{"0":"post-65895","1":"product","2":"type-product","3":"status-publish","4":"has-post-thumbnail","6":"product_cat-toimistotarvikkeet-kirjoitustarvikkeet-kuulakarkikynat-ja-tarvikkeet","8":"first","9":"instock","10":"shipping-taxable","11":"purchasable","12":"product-type-simple"},"_links":{"self":[{"href":"https:\/\/logistiikkakeskus.net\/kauppa\/wp-json\/wp\/v2\/product\/65895","targetHints":{"allow":["GET"]}}],"collection":[{"href":"https:\/\/logistiikkakeskus.net\/kauppa\/wp-json\/wp\/v2\/product"}],"about":[{"href":"https:\/\/logistiikkakeskus.net\/kauppa\/wp-json\/wp\/v2\/types\/product"}],"replies":[{"embeddable":true,"href":"https:\/\/logistiikkakeskus.net\/kauppa\/wp-json\/wp\/v2\/comments?post=65895"}],"wp:featuredmedia":[{"embeddable":true,"href":"https:\/\/logistiikkakeskus.net\/kauppa\/wp-json\/wp\/v2\/media\/101056"}],"wp:attachment":[{"href":"https:\/\/logistiikkakeskus.net\/kauppa\/wp-json\/wp\/v2\/media?parent=65895"}],"wp:term":[{"taxonomy":"product_brand","embeddable":true,"href":"https:\/\/logistiikkakeskus.net\/kauppa\/wp-json\/wp\/v2\/product_brand?post=65895"},{"taxonomy":"product_cat","embeddable":true,"href":"https:\/\/logistiikkakeskus.net\/kauppa\/wp-json\/wp\/v2\/product_cat?post=65895"},{"taxonomy":"product_tag","embeddable":true,"href":"https:\/\/logistiikkakeskus.net\/kauppa\/wp-json\/wp\/v2\/product_tag?post=65895"}],"curies":[{"name":"wp","href":"https:\/\/api.w.org\/{rel}","templated":true}]}}