{"id":65893,"date":"2022-12-01T08:46:38","date_gmt":"2022-12-01T08:46:38","guid":{"rendered":"https:\/\/logistiikkakeskus.net\/kauppa\/tuote\/kuulakarkikyna-50-kpl-sininen\/"},"modified":"2026-01-20T09:14:09","modified_gmt":"2026-01-20T07:14:09","slug":"kuulakarkikyna-50-kpl-sininen","status":"publish","type":"product","link":"https:\/\/logistiikkakeskus.net\/kauppa\/tuote\/kuulakarkikyna-50-kpl-sininen\/","title":{"rendered":"Kuulak\u00e4rkikyn\u00e4 50 kpl, sininen"},"content":{"rendered":"<p>Myyntiyksikk\u00f6 RAS (50 kyn\u00e4\u00e4)<\/p>\n<h2>Kuulak\u00e4rkikyn\u00e4 Papermate Inkjoy 100, sininen<\/h2>\n<p>Edullinen kuulak\u00e4rkikyn\u00e4 arkistokelpoisella musteella,kolmikulmaisella rungolla ja kiinte\u00e4ll\u00e4 mustes\u00e4ili\u00f6ll\u00e4. K\u00e4rjen suojanairrotettava korkki, jossa taskupidike<\/p>\n<p><i>Hakusanat: toimistotarvikkeet , kirjoitustarvikkeet,mustekyn\u00e4t,kuulak\u00e4rkikyn\u00e4t, kuulakyn\u00e4t<\/i><\/p>\n","protected":false},"excerpt":{"rendered":"<p>Myyntiyksikk\u00f6 RAS (50 kyn\u00e4\u00e4) Kuulak\u00e4rkikyn\u00e4 Papermate Inkjoy 100, sininen Edullinen kuulak\u00e4rkikyn\u00e4 arkistokelpoisella musteella,kolmikulmaisella rungolla ja kiinte\u00e4ll\u00e4 mustes\u00e4ili\u00f6ll\u00e4. K\u00e4rjen suojanairrotettava korkki, jossa taskupidike Hakusanat: toimistotarvikkeet , kirjoitustarvikkeet,mustekyn\u00e4t,kuulak\u00e4rkikyn\u00e4t, kuulakyn\u00e4t<\/p>\n","protected":false},"featured_media":101055,"comment_status":"open","ping_status":"closed","template":"","meta":[],"product_brand":[],"product_cat":[3214],"product_tag":[],"class_list":{"0":"post-65893","1":"product","2":"type-product","3":"status-publish","4":"has-post-thumbnail","6":"product_cat-toimistotarvikkeet-kirjoitustarvikkeet-kuulakarkikynat-ja-tarvikkeet","8":"first","9":"instock","10":"shipping-taxable","11":"purchasable","12":"product-type-simple"},"_links":{"self":[{"href":"https:\/\/logistiikkakeskus.net\/kauppa\/wp-json\/wp\/v2\/product\/65893","targetHints":{"allow":["GET"]}}],"collection":[{"href":"https:\/\/logistiikkakeskus.net\/kauppa\/wp-json\/wp\/v2\/product"}],"about":[{"href":"https:\/\/logistiikkakeskus.net\/kauppa\/wp-json\/wp\/v2\/types\/product"}],"replies":[{"embeddable":true,"href":"https:\/\/logistiikkakeskus.net\/kauppa\/wp-json\/wp\/v2\/comments?post=65893"}],"wp:featuredmedia":[{"embeddable":true,"href":"https:\/\/logistiikkakeskus.net\/kauppa\/wp-json\/wp\/v2\/media\/101055"}],"wp:attachment":[{"href":"https:\/\/logistiikkakeskus.net\/kauppa\/wp-json\/wp\/v2\/media?parent=65893"}],"wp:term":[{"taxonomy":"product_brand","embeddable":true,"href":"https:\/\/logistiikkakeskus.net\/kauppa\/wp-json\/wp\/v2\/product_brand?post=65893"},{"taxonomy":"product_cat","embeddable":true,"href":"https:\/\/logistiikkakeskus.net\/kauppa\/wp-json\/wp\/v2\/product_cat?post=65893"},{"taxonomy":"product_tag","embeddable":true,"href":"https:\/\/logistiikkakeskus.net\/kauppa\/wp-json\/wp\/v2\/product_tag?post=65893"}],"curies":[{"name":"wp","href":"https:\/\/api.w.org\/{rel}","templated":true}]}}