{"id":65891,"date":"2022-12-01T08:46:38","date_gmt":"2022-12-01T08:46:38","guid":{"rendered":"https:\/\/logistiikkakeskus.net\/kauppa\/tuote\/kuulakarkikyna-poytatelineella\/"},"modified":"2026-01-20T09:14:09","modified_gmt":"2026-01-20T07:14:09","slug":"kuulakarkikyna-poytatelineella","status":"publish","type":"product","link":"https:\/\/logistiikkakeskus.net\/kauppa\/tuote\/kuulakarkikyna-poytatelineella\/","title":{"rendered":"Kuulak\u00e4rkikyn\u00e4 p\u00f6yt\u00e4telineell\u00e4"},"content":{"rendered":"<h2>Kuulak\u00e4rkikyn\u00e4 Epoca Desk Set Bank, p\u00f6yt\u00e4telineell\u00e4<\/h2>\n<p>Itsepalvelupisteisiin, asiakaspalveluun tai mikseitoimistoonkinsopiva kuulak\u00e4rkikyn\u00e4 p\u00f6yt\u00e4telineell\u00e4 &#8211; metalliketjulla toisiinsayhdistettyn\u00e4. Musteen v\u00e4ri: sininen. K\u00e4rki medium.<\/p>\n<p>Vaihtomustemustes\u00e4ili\u00f6 tuotenumerolla 22692<\/p>\n<p><i>Hakusanat: mustekyn\u00e4t, kuulak\u00e4rkikyn\u00e4t,kuivamustekyn\u00e4t,kuulak\u00e4rkikyn\u00e4t, kuulakyn\u00e4t, telinekyn\u00e4t, telinemustekyn\u00e4t,mustekyn\u00e4telineet, kuulak\u00e4rkikyn\u00e4t<\/i><\/p>\n","protected":false},"excerpt":{"rendered":"<p>Kuulak\u00e4rkikyn\u00e4 Epoca Desk Set Bank, p\u00f6yt\u00e4telineell\u00e4 Itsepalvelupisteisiin, asiakaspalveluun tai mikseitoimistoonkinsopiva kuulak\u00e4rkikyn\u00e4 p\u00f6yt\u00e4telineell\u00e4 &#8211; metalliketjulla toisiinsayhdistettyn\u00e4. Musteen v\u00e4ri: sininen. K\u00e4rki medium. Vaihtomustemustes\u00e4ili\u00f6 tuotenumerolla 22692 Hakusanat: mustekyn\u00e4t, kuulak\u00e4rkikyn\u00e4t,kuivamustekyn\u00e4t,kuulak\u00e4rkikyn\u00e4t, kuulakyn\u00e4t, telinekyn\u00e4t, telinemustekyn\u00e4t,mustekyn\u00e4telineet, kuulak\u00e4rkikyn\u00e4t<\/p>\n","protected":false},"featured_media":101054,"comment_status":"open","ping_status":"closed","template":"","meta":[],"product_brand":[],"product_cat":[3214],"product_tag":[],"class_list":{"0":"post-65891","1":"product","2":"type-product","3":"status-publish","4":"has-post-thumbnail","6":"product_cat-toimistotarvikkeet-kirjoitustarvikkeet-kuulakarkikynat-ja-tarvikkeet","8":"first","9":"instock","10":"shipping-taxable","11":"purchasable","12":"product-type-simple"},"_links":{"self":[{"href":"https:\/\/logistiikkakeskus.net\/kauppa\/wp-json\/wp\/v2\/product\/65891","targetHints":{"allow":["GET"]}}],"collection":[{"href":"https:\/\/logistiikkakeskus.net\/kauppa\/wp-json\/wp\/v2\/product"}],"about":[{"href":"https:\/\/logistiikkakeskus.net\/kauppa\/wp-json\/wp\/v2\/types\/product"}],"replies":[{"embeddable":true,"href":"https:\/\/logistiikkakeskus.net\/kauppa\/wp-json\/wp\/v2\/comments?post=65891"}],"wp:featuredmedia":[{"embeddable":true,"href":"https:\/\/logistiikkakeskus.net\/kauppa\/wp-json\/wp\/v2\/media\/101054"}],"wp:attachment":[{"href":"https:\/\/logistiikkakeskus.net\/kauppa\/wp-json\/wp\/v2\/media?parent=65891"}],"wp:term":[{"taxonomy":"product_brand","embeddable":true,"href":"https:\/\/logistiikkakeskus.net\/kauppa\/wp-json\/wp\/v2\/product_brand?post=65891"},{"taxonomy":"product_cat","embeddable":true,"href":"https:\/\/logistiikkakeskus.net\/kauppa\/wp-json\/wp\/v2\/product_cat?post=65891"},{"taxonomy":"product_tag","embeddable":true,"href":"https:\/\/logistiikkakeskus.net\/kauppa\/wp-json\/wp\/v2\/product_tag?post=65891"}],"curies":[{"name":"wp","href":"https:\/\/api.w.org\/{rel}","templated":true}]}}