{"id":65889,"date":"2022-12-01T08:46:37","date_gmt":"2022-12-01T08:46:37","guid":{"rendered":"https:\/\/logistiikkakeskus.net\/kauppa\/tuote\/kuulakarkikyna-0-7-mm\/"},"modified":"2026-01-20T09:14:08","modified_gmt":"2026-01-20T07:14:08","slug":"kuulakarkikyna-0-7-mm","status":"publish","type":"product","link":"https:\/\/logistiikkakeskus.net\/kauppa\/tuote\/kuulakarkikyna-0-7-mm\/","title":{"rendered":"Kuulak\u00e4rkikyn\u00e4 0.7 mm"},"content":{"rendered":"<p>Myyntiyksikk\u00f6 KPL, ryhm\u00e4pak. 12 kpl\/ras<\/p>\n<h2>Kuulak\u00e4rkikyn\u00e4 Laknock SN-101 0,7 mm, sininen<\/h2>\n<p>Laknock kuulak\u00e4rkikyn\u00e4 on kohtuuhintainen muttakorkealuokkainen.Kyn\u00e4ss\u00e4 on kuminen otepinta lis\u00e4\u00e4m\u00e4ss\u00e4 k\u00e4ytt\u00f6mukavuutta joten se onerinomainen valinta esim. opiskelijoille ja henkil\u00f6lle, jotka joutuvatkirjoittamaan paljon. 0,7 mm k\u00e4rki.<\/p>\n<p><i>Hakusanat: toimistotarvikkeet, kirjoitustarvikkeet,mustekyn\u00e4,kuulak\u00e4rkikyn\u00e4, kuulamusterolleri, kuularolleri, kuivamustekyn\u00e4,kuulakyn\u00e4<\/i><\/p>\n","protected":false},"excerpt":{"rendered":"<p>Myyntiyksikk\u00f6 KPL, ryhm\u00e4pak. 12 kpl\/ras Kuulak\u00e4rkikyn\u00e4 Laknock SN-101 0,7 mm, sininen Laknock kuulak\u00e4rkikyn\u00e4 on kohtuuhintainen muttakorkealuokkainen.Kyn\u00e4ss\u00e4 on kuminen otepinta lis\u00e4\u00e4m\u00e4ss\u00e4 k\u00e4ytt\u00f6mukavuutta joten se onerinomainen valinta esim. opiskelijoille ja henkil\u00f6lle, jotka joutuvatkirjoittamaan paljon. 0,7 mm k\u00e4rki. Hakusanat: toimistotarvikkeet, kirjoitustarvikkeet,mustekyn\u00e4,kuulak\u00e4rkikyn\u00e4, kuulamusterolleri, kuularolleri, kuivamustekyn\u00e4,kuulakyn\u00e4<\/p>\n","protected":false},"featured_media":101053,"comment_status":"open","ping_status":"closed","template":"","meta":[],"product_brand":[],"product_cat":[3214],"product_tag":[],"class_list":{"0":"post-65889","1":"product","2":"type-product","3":"status-publish","4":"has-post-thumbnail","6":"product_cat-toimistotarvikkeet-kirjoitustarvikkeet-kuulakarkikynat-ja-tarvikkeet","8":"first","9":"instock","10":"shipping-taxable","11":"purchasable","12":"product-type-simple"},"_links":{"self":[{"href":"https:\/\/logistiikkakeskus.net\/kauppa\/wp-json\/wp\/v2\/product\/65889","targetHints":{"allow":["GET"]}}],"collection":[{"href":"https:\/\/logistiikkakeskus.net\/kauppa\/wp-json\/wp\/v2\/product"}],"about":[{"href":"https:\/\/logistiikkakeskus.net\/kauppa\/wp-json\/wp\/v2\/types\/product"}],"replies":[{"embeddable":true,"href":"https:\/\/logistiikkakeskus.net\/kauppa\/wp-json\/wp\/v2\/comments?post=65889"}],"wp:featuredmedia":[{"embeddable":true,"href":"https:\/\/logistiikkakeskus.net\/kauppa\/wp-json\/wp\/v2\/media\/101053"}],"wp:attachment":[{"href":"https:\/\/logistiikkakeskus.net\/kauppa\/wp-json\/wp\/v2\/media?parent=65889"}],"wp:term":[{"taxonomy":"product_brand","embeddable":true,"href":"https:\/\/logistiikkakeskus.net\/kauppa\/wp-json\/wp\/v2\/product_brand?post=65889"},{"taxonomy":"product_cat","embeddable":true,"href":"https:\/\/logistiikkakeskus.net\/kauppa\/wp-json\/wp\/v2\/product_cat?post=65889"},{"taxonomy":"product_tag","embeddable":true,"href":"https:\/\/logistiikkakeskus.net\/kauppa\/wp-json\/wp\/v2\/product_tag?post=65889"}],"curies":[{"name":"wp","href":"https:\/\/api.w.org\/{rel}","templated":true}]}}