{"id":65887,"date":"2022-12-01T08:46:37","date_gmt":"2022-12-01T08:46:37","guid":{"rendered":"https:\/\/logistiikkakeskus.net\/kauppa\/tuote\/kuulakarkikyna-0-7-mm-laadukas\/"},"modified":"2026-01-20T09:14:08","modified_gmt":"2026-01-20T07:14:08","slug":"kuulakarkikyna-0-7-mm-laadukas","status":"publish","type":"product","link":"https:\/\/logistiikkakeskus.net\/kauppa\/tuote\/kuulakarkikyna-0-7-mm-laadukas\/","title":{"rendered":"Kuulak\u00e4rkikyn\u00e4 0.7 mm, laadukas"},"content":{"rendered":"<p>Myyntiyksikk\u00f6 KPL, ryhm\u00e4pak. 12 kpl\/ras<\/p>\n<h2>Kuulak\u00e4rkikyn\u00e4 Epoca Plast, sininen<\/h2>\n<p>Korkealuokkainen kuulakyn\u00e4 jossa painonappimekanismi javaihdettava mustes\u00e4ili\u00f6.<\/p>\n<p><i>Hakusanat: mustekyn\u00e4t, kuulakyn\u00e4t, kuulak\u00e4rkikyn\u00e4t,kuulamusterollerit, kuularollerit, kuivamustekyn\u00e4t<\/i><\/p>\n","protected":false},"excerpt":{"rendered":"<p>Myyntiyksikk\u00f6 KPL, ryhm\u00e4pak. 12 kpl\/ras Kuulak\u00e4rkikyn\u00e4 Epoca Plast, sininen Korkealuokkainen kuulakyn\u00e4 jossa painonappimekanismi javaihdettava mustes\u00e4ili\u00f6. Hakusanat: mustekyn\u00e4t, kuulakyn\u00e4t, kuulak\u00e4rkikyn\u00e4t,kuulamusterollerit, kuularollerit, kuivamustekyn\u00e4t<\/p>\n","protected":false},"featured_media":101052,"comment_status":"open","ping_status":"closed","template":"","meta":[],"product_brand":[],"product_cat":[3214],"product_tag":[],"class_list":{"0":"post-65887","1":"product","2":"type-product","3":"status-publish","4":"has-post-thumbnail","6":"product_cat-toimistotarvikkeet-kirjoitustarvikkeet-kuulakarkikynat-ja-tarvikkeet","8":"first","9":"instock","10":"shipping-taxable","11":"purchasable","12":"product-type-simple"},"_links":{"self":[{"href":"https:\/\/logistiikkakeskus.net\/kauppa\/wp-json\/wp\/v2\/product\/65887","targetHints":{"allow":["GET"]}}],"collection":[{"href":"https:\/\/logistiikkakeskus.net\/kauppa\/wp-json\/wp\/v2\/product"}],"about":[{"href":"https:\/\/logistiikkakeskus.net\/kauppa\/wp-json\/wp\/v2\/types\/product"}],"replies":[{"embeddable":true,"href":"https:\/\/logistiikkakeskus.net\/kauppa\/wp-json\/wp\/v2\/comments?post=65887"}],"wp:featuredmedia":[{"embeddable":true,"href":"https:\/\/logistiikkakeskus.net\/kauppa\/wp-json\/wp\/v2\/media\/101052"}],"wp:attachment":[{"href":"https:\/\/logistiikkakeskus.net\/kauppa\/wp-json\/wp\/v2\/media?parent=65887"}],"wp:term":[{"taxonomy":"product_brand","embeddable":true,"href":"https:\/\/logistiikkakeskus.net\/kauppa\/wp-json\/wp\/v2\/product_brand?post=65887"},{"taxonomy":"product_cat","embeddable":true,"href":"https:\/\/logistiikkakeskus.net\/kauppa\/wp-json\/wp\/v2\/product_cat?post=65887"},{"taxonomy":"product_tag","embeddable":true,"href":"https:\/\/logistiikkakeskus.net\/kauppa\/wp-json\/wp\/v2\/product_tag?post=65887"}],"curies":[{"name":"wp","href":"https:\/\/api.w.org\/{rel}","templated":true}]}}