{"id":65883,"date":"2022-12-01T08:46:36","date_gmt":"2022-12-01T08:46:36","guid":{"rendered":"https:\/\/logistiikkakeskus.net\/kauppa\/tuote\/kuulakarkikyna-1-mm\/"},"modified":"2026-01-20T09:14:08","modified_gmt":"2026-01-20T07:14:08","slug":"kuulakarkikyna-1-mm","status":"publish","type":"product","link":"https:\/\/logistiikkakeskus.net\/kauppa\/tuote\/kuulakarkikyna-1-mm\/","title":{"rendered":"Kuulak\u00e4rkikyn\u00e4 1 mm"},"content":{"rendered":"<p>Myyntiyksikk\u00f6 KPL<\/p>\n<h2>Kuulak\u00e4rkikyn\u00e4 Cristal sininen, 1 mm<\/h2>\n<p>Klassinen kuulak\u00e4rkikyn\u00e4 on suosikki miljoonissa kodeissa,toimistoissa ja kouluissa ymp\u00e4ri maailmaa. Kuulakyn\u00e4 on l\u00e4pin\u00e4kyv\u00e4,joten voit n\u00e4hd\u00e4 musteen m\u00e4\u00e4r\u00e4n heti. Kuusikulmionmuotoinen.<\/p>\n<p><i>Hakusanat: toimistotarvikkeet, kirjoitustarvikkeet,mustekyn\u00e4t,kuulak\u00e4rkikyn\u00e4t, kuulamusterollerit, kuularollerit, kuivamustekyn\u00e4t,kuulakyn\u00e4<\/i><\/p>\n","protected":false},"excerpt":{"rendered":"<p>Myyntiyksikk\u00f6 KPL Kuulak\u00e4rkikyn\u00e4 Cristal sininen, 1 mm Klassinen kuulak\u00e4rkikyn\u00e4 on suosikki miljoonissa kodeissa,toimistoissa ja kouluissa ymp\u00e4ri maailmaa. Kuulakyn\u00e4 on l\u00e4pin\u00e4kyv\u00e4,joten voit n\u00e4hd\u00e4 musteen m\u00e4\u00e4r\u00e4n heti. Kuusikulmionmuotoinen. Hakusanat: toimistotarvikkeet, kirjoitustarvikkeet,mustekyn\u00e4t,kuulak\u00e4rkikyn\u00e4t, kuulamusterollerit, kuularollerit, kuivamustekyn\u00e4t,kuulakyn\u00e4<\/p>\n","protected":false},"featured_media":101050,"comment_status":"open","ping_status":"closed","template":"","meta":[],"product_brand":[],"product_cat":[3214],"product_tag":[],"class_list":{"0":"post-65883","1":"product","2":"type-product","3":"status-publish","4":"has-post-thumbnail","6":"product_cat-toimistotarvikkeet-kirjoitustarvikkeet-kuulakarkikynat-ja-tarvikkeet","8":"first","9":"instock","10":"shipping-taxable","11":"purchasable","12":"product-type-simple"},"_links":{"self":[{"href":"https:\/\/logistiikkakeskus.net\/kauppa\/wp-json\/wp\/v2\/product\/65883","targetHints":{"allow":["GET"]}}],"collection":[{"href":"https:\/\/logistiikkakeskus.net\/kauppa\/wp-json\/wp\/v2\/product"}],"about":[{"href":"https:\/\/logistiikkakeskus.net\/kauppa\/wp-json\/wp\/v2\/types\/product"}],"replies":[{"embeddable":true,"href":"https:\/\/logistiikkakeskus.net\/kauppa\/wp-json\/wp\/v2\/comments?post=65883"}],"wp:featuredmedia":[{"embeddable":true,"href":"https:\/\/logistiikkakeskus.net\/kauppa\/wp-json\/wp\/v2\/media\/101050"}],"wp:attachment":[{"href":"https:\/\/logistiikkakeskus.net\/kauppa\/wp-json\/wp\/v2\/media?parent=65883"}],"wp:term":[{"taxonomy":"product_brand","embeddable":true,"href":"https:\/\/logistiikkakeskus.net\/kauppa\/wp-json\/wp\/v2\/product_brand?post=65883"},{"taxonomy":"product_cat","embeddable":true,"href":"https:\/\/logistiikkakeskus.net\/kauppa\/wp-json\/wp\/v2\/product_cat?post=65883"},{"taxonomy":"product_tag","embeddable":true,"href":"https:\/\/logistiikkakeskus.net\/kauppa\/wp-json\/wp\/v2\/product_tag?post=65883"}],"curies":[{"name":"wp","href":"https:\/\/api.w.org\/{rel}","templated":true}]}}