{"id":65789,"date":"2022-12-01T08:46:09","date_gmt":"2022-12-01T08:46:09","guid":{"rendered":"https:\/\/logistiikkakeskus.net\/kauppa\/tuote\/esiteteline-a4pysty-seinalle\/"},"modified":"2026-01-20T09:14:05","modified_gmt":"2026-01-20T07:14:05","slug":"esiteteline-a4pysty-seinalle","status":"publish","type":"product","link":"https:\/\/logistiikkakeskus.net\/kauppa\/tuote\/esiteteline-a4pysty-seinalle\/","title":{"rendered":"Esiteteline A4\/pysty sein\u00e4lle"},"content":{"rendered":"<p>Flexiplus-telineen voi kiinnitt\u00e4\u00e4 sein\u00e4lle pysty- tai vaakasuunnassa.Lokerot on helppo koota ja niit\u00e4 voi koota tarpeen mukaan useita.Kiinnittyy helposti ilman kiinnityskehyst\u00e4 ja voidaan ruuvata suoraanpaikalleen. Materiaali polystyreenimuovia. Korkeus 60 mm.<\/p>\n","protected":false},"excerpt":{"rendered":"<p>Flexiplus-telineen voi kiinnitt\u00e4\u00e4 sein\u00e4lle pysty- tai vaakasuunnassa.Lokerot on helppo koota ja niit\u00e4 voi koota tarpeen mukaan useita.Kiinnittyy helposti ilman kiinnityskehyst\u00e4 ja voidaan ruuvata suoraanpaikalleen. Materiaali polystyreenimuovia. Korkeus 60 mm.<\/p>\n","protected":false},"featured_media":101006,"comment_status":"open","ping_status":"closed","template":"","meta":[],"product_brand":[],"product_cat":[3123],"product_tag":[],"class_list":{"0":"post-65789","1":"product","2":"type-product","3":"status-publish","4":"has-post-thumbnail","6":"product_cat-toimistotarvikkeet-kokoushuone-ja-kongressitarvikkeet-esitetelineet-ja-kehykset","8":"first","9":"instock","10":"shipping-taxable","11":"purchasable","12":"product-type-simple"},"_links":{"self":[{"href":"https:\/\/logistiikkakeskus.net\/kauppa\/wp-json\/wp\/v2\/product\/65789","targetHints":{"allow":["GET"]}}],"collection":[{"href":"https:\/\/logistiikkakeskus.net\/kauppa\/wp-json\/wp\/v2\/product"}],"about":[{"href":"https:\/\/logistiikkakeskus.net\/kauppa\/wp-json\/wp\/v2\/types\/product"}],"replies":[{"embeddable":true,"href":"https:\/\/logistiikkakeskus.net\/kauppa\/wp-json\/wp\/v2\/comments?post=65789"}],"wp:featuredmedia":[{"embeddable":true,"href":"https:\/\/logistiikkakeskus.net\/kauppa\/wp-json\/wp\/v2\/media\/101006"}],"wp:attachment":[{"href":"https:\/\/logistiikkakeskus.net\/kauppa\/wp-json\/wp\/v2\/media?parent=65789"}],"wp:term":[{"taxonomy":"product_brand","embeddable":true,"href":"https:\/\/logistiikkakeskus.net\/kauppa\/wp-json\/wp\/v2\/product_brand?post=65789"},{"taxonomy":"product_cat","embeddable":true,"href":"https:\/\/logistiikkakeskus.net\/kauppa\/wp-json\/wp\/v2\/product_cat?post=65789"},{"taxonomy":"product_tag","embeddable":true,"href":"https:\/\/logistiikkakeskus.net\/kauppa\/wp-json\/wp\/v2\/product_tag?post=65789"}],"curies":[{"name":"wp","href":"https:\/\/api.w.org\/{rel}","templated":true}]}}