{"id":65787,"date":"2022-12-01T08:46:08","date_gmt":"2022-12-01T08:46:08","guid":{"rendered":"https:\/\/logistiikkakeskus.net\/kauppa\/tuote\/esiteteline-a4-l-malli\/"},"modified":"2026-01-20T09:14:05","modified_gmt":"2026-01-20T07:14:05","slug":"esiteteline-a4-l-malli","status":"publish","type":"product","link":"https:\/\/logistiikkakeskus.net\/kauppa\/tuote\/esiteteline-a4-l-malli\/","title":{"rendered":"Esiteteline A4, L-malli"},"content":{"rendered":"<p>Office Depot esiteteline A4 A-malli, muovia Lis\u00e4tiedot: Office Depotesiteteline on tarkoitettu p\u00f6yd\u00e4lle, johon saat yksisivuisen esitteensopivaan kulmaan helpottamaan viestin n\u00e4kemist\u00e4. Esitetelineen koko A4,295x211x67 mm.Lyhyt selite:  Office Depot esiteteline A4. Myyntier\u00e4:1KPL. Valmistaja\/valmistuttaja: OFFICE DEP<\/p>\n","protected":false},"excerpt":{"rendered":"<p>Office Depot esiteteline A4 A-malli, muovia Lis\u00e4tiedot: Office Depotesiteteline on tarkoitettu p\u00f6yd\u00e4lle, johon saat yksisivuisen esitteensopivaan kulmaan helpottamaan viestin n\u00e4kemist\u00e4. Esitetelineen koko A4,295x211x67 mm.Lyhyt selite: Office Depot esiteteline A4. Myyntier\u00e4:1KPL. Valmistaja\/valmistuttaja: OFFICE DEP<\/p>\n","protected":false},"featured_media":101005,"comment_status":"open","ping_status":"closed","template":"","meta":[],"product_brand":[],"product_cat":[3123],"product_tag":[],"class_list":{"0":"post-65787","1":"product","2":"type-product","3":"status-publish","4":"has-post-thumbnail","6":"product_cat-toimistotarvikkeet-kokoushuone-ja-kongressitarvikkeet-esitetelineet-ja-kehykset","8":"first","9":"instock","10":"shipping-taxable","11":"purchasable","12":"product-type-simple"},"_links":{"self":[{"href":"https:\/\/logistiikkakeskus.net\/kauppa\/wp-json\/wp\/v2\/product\/65787","targetHints":{"allow":["GET"]}}],"collection":[{"href":"https:\/\/logistiikkakeskus.net\/kauppa\/wp-json\/wp\/v2\/product"}],"about":[{"href":"https:\/\/logistiikkakeskus.net\/kauppa\/wp-json\/wp\/v2\/types\/product"}],"replies":[{"embeddable":true,"href":"https:\/\/logistiikkakeskus.net\/kauppa\/wp-json\/wp\/v2\/comments?post=65787"}],"wp:featuredmedia":[{"embeddable":true,"href":"https:\/\/logistiikkakeskus.net\/kauppa\/wp-json\/wp\/v2\/media\/101005"}],"wp:attachment":[{"href":"https:\/\/logistiikkakeskus.net\/kauppa\/wp-json\/wp\/v2\/media?parent=65787"}],"wp:term":[{"taxonomy":"product_brand","embeddable":true,"href":"https:\/\/logistiikkakeskus.net\/kauppa\/wp-json\/wp\/v2\/product_brand?post=65787"},{"taxonomy":"product_cat","embeddable":true,"href":"https:\/\/logistiikkakeskus.net\/kauppa\/wp-json\/wp\/v2\/product_cat?post=65787"},{"taxonomy":"product_tag","embeddable":true,"href":"https:\/\/logistiikkakeskus.net\/kauppa\/wp-json\/wp\/v2\/product_tag?post=65787"}],"curies":[{"name":"wp","href":"https:\/\/api.w.org\/{rel}","templated":true}]}}