{"id":65785,"date":"2022-12-01T08:46:08","date_gmt":"2022-12-01T08:46:08","guid":{"rendered":"https:\/\/logistiikkakeskus.net\/kauppa\/tuote\/esiteteline-a5-2-puoleinen\/"},"modified":"2026-01-20T09:14:05","modified_gmt":"2026-01-20T07:14:05","slug":"esiteteline-a5-2-puoleinen","status":"publish","type":"product","link":"https:\/\/logistiikkakeskus.net\/kauppa\/tuote\/esiteteline-a5-2-puoleinen\/","title":{"rendered":"Esiteteline A5, 2-puoleinen"},"content":{"rendered":"<p>Office Depot esiteteline A5 T-malli, l\u00e4pin\u00e4kyv\u00e4, muovia Lis\u00e4tiedot: T-standy, koko A5Lyhyt selite:  Office Depot esiteteline A5. Myyntier\u00e4:1KPL. Valmistaja\/valmistuttaja: OFFICE DEP<\/p>\n","protected":false},"excerpt":{"rendered":"<p>Office Depot esiteteline A5 T-malli, l\u00e4pin\u00e4kyv\u00e4, muovia Lis\u00e4tiedot: T-standy, koko A5Lyhyt selite: Office Depot esiteteline A5. Myyntier\u00e4:1KPL. Valmistaja\/valmistuttaja: OFFICE DEP<\/p>\n","protected":false},"featured_media":101004,"comment_status":"open","ping_status":"closed","template":"","meta":[],"product_brand":[],"product_cat":[3123],"product_tag":[],"class_list":{"0":"post-65785","1":"product","2":"type-product","3":"status-publish","4":"has-post-thumbnail","6":"product_cat-toimistotarvikkeet-kokoushuone-ja-kongressitarvikkeet-esitetelineet-ja-kehykset","8":"first","9":"instock","10":"shipping-taxable","11":"purchasable","12":"product-type-simple"},"_links":{"self":[{"href":"https:\/\/logistiikkakeskus.net\/kauppa\/wp-json\/wp\/v2\/product\/65785","targetHints":{"allow":["GET"]}}],"collection":[{"href":"https:\/\/logistiikkakeskus.net\/kauppa\/wp-json\/wp\/v2\/product"}],"about":[{"href":"https:\/\/logistiikkakeskus.net\/kauppa\/wp-json\/wp\/v2\/types\/product"}],"replies":[{"embeddable":true,"href":"https:\/\/logistiikkakeskus.net\/kauppa\/wp-json\/wp\/v2\/comments?post=65785"}],"wp:featuredmedia":[{"embeddable":true,"href":"https:\/\/logistiikkakeskus.net\/kauppa\/wp-json\/wp\/v2\/media\/101004"}],"wp:attachment":[{"href":"https:\/\/logistiikkakeskus.net\/kauppa\/wp-json\/wp\/v2\/media?parent=65785"}],"wp:term":[{"taxonomy":"product_brand","embeddable":true,"href":"https:\/\/logistiikkakeskus.net\/kauppa\/wp-json\/wp\/v2\/product_brand?post=65785"},{"taxonomy":"product_cat","embeddable":true,"href":"https:\/\/logistiikkakeskus.net\/kauppa\/wp-json\/wp\/v2\/product_cat?post=65785"},{"taxonomy":"product_tag","embeddable":true,"href":"https:\/\/logistiikkakeskus.net\/kauppa\/wp-json\/wp\/v2\/product_tag?post=65785"}],"curies":[{"name":"wp","href":"https:\/\/api.w.org\/{rel}","templated":true}]}}