{"id":65783,"date":"2022-12-01T08:46:07","date_gmt":"2022-12-01T08:46:07","guid":{"rendered":"https:\/\/logistiikkakeskus.net\/kauppa\/tuote\/esiteteline-a4-1-puolinen\/"},"modified":"2026-01-20T09:14:05","modified_gmt":"2026-01-20T07:14:05","slug":"esiteteline-a4-1-puolinen","status":"publish","type":"product","link":"https:\/\/logistiikkakeskus.net\/kauppa\/tuote\/esiteteline-a4-1-puolinen\/","title":{"rendered":"Esiteteline A4, 1-puolinen"},"content":{"rendered":"<p>Esiteteline Office Depot A4 kotelomalli, sein\u00e4kiinnitys Lis\u00e4tiedot:Office Depot esitetelineen saat k\u00e4tev\u00e4sti joko sein\u00e4lle tai p\u00f6yd\u00e4lle,n\u00e4in paperit ja esitteet pysyv\u00e4t siististi esill\u00e4 omissa nipuissa.Esitetelineen koko A4, mitat: Korkeus 272mm, leveys 234mm ja syvyys98mm.Lyhyt selite:  Esiteteline Office Depot A4. Myyntier\u00e4:1 KPL.Valmistaja\/valmistuttaja: OFFICE DEP<\/p>\n","protected":false},"excerpt":{"rendered":"<p>Esiteteline Office Depot A4 kotelomalli, sein\u00e4kiinnitys Lis\u00e4tiedot:Office Depot esitetelineen saat k\u00e4tev\u00e4sti joko sein\u00e4lle tai p\u00f6yd\u00e4lle,n\u00e4in paperit ja esitteet pysyv\u00e4t siististi esill\u00e4 omissa nipuissa.Esitetelineen koko A4, mitat: Korkeus 272mm, leveys 234mm ja syvyys98mm.Lyhyt selite: Esiteteline Office Depot A4. Myyntier\u00e4:1 KPL.Valmistaja\/valmistuttaja: OFFICE DEP<\/p>\n","protected":false},"featured_media":101003,"comment_status":"open","ping_status":"closed","template":"","meta":[],"product_brand":[],"product_cat":[3123],"product_tag":[],"class_list":{"0":"post-65783","1":"product","2":"type-product","3":"status-publish","4":"has-post-thumbnail","6":"product_cat-toimistotarvikkeet-kokoushuone-ja-kongressitarvikkeet-esitetelineet-ja-kehykset","8":"first","9":"instock","10":"shipping-taxable","11":"purchasable","12":"product-type-simple"},"_links":{"self":[{"href":"https:\/\/logistiikkakeskus.net\/kauppa\/wp-json\/wp\/v2\/product\/65783","targetHints":{"allow":["GET"]}}],"collection":[{"href":"https:\/\/logistiikkakeskus.net\/kauppa\/wp-json\/wp\/v2\/product"}],"about":[{"href":"https:\/\/logistiikkakeskus.net\/kauppa\/wp-json\/wp\/v2\/types\/product"}],"replies":[{"embeddable":true,"href":"https:\/\/logistiikkakeskus.net\/kauppa\/wp-json\/wp\/v2\/comments?post=65783"}],"wp:featuredmedia":[{"embeddable":true,"href":"https:\/\/logistiikkakeskus.net\/kauppa\/wp-json\/wp\/v2\/media\/101003"}],"wp:attachment":[{"href":"https:\/\/logistiikkakeskus.net\/kauppa\/wp-json\/wp\/v2\/media?parent=65783"}],"wp:term":[{"taxonomy":"product_brand","embeddable":true,"href":"https:\/\/logistiikkakeskus.net\/kauppa\/wp-json\/wp\/v2\/product_brand?post=65783"},{"taxonomy":"product_cat","embeddable":true,"href":"https:\/\/logistiikkakeskus.net\/kauppa\/wp-json\/wp\/v2\/product_cat?post=65783"},{"taxonomy":"product_tag","embeddable":true,"href":"https:\/\/logistiikkakeskus.net\/kauppa\/wp-json\/wp\/v2\/product_tag?post=65783"}],"curies":[{"name":"wp","href":"https:\/\/api.w.org\/{rel}","templated":true}]}}