{"id":65781,"date":"2022-12-01T08:46:07","date_gmt":"2022-12-01T08:46:07","guid":{"rendered":"https:\/\/logistiikkakeskus.net\/kauppa\/tuote\/esitekehys-a3-seinalle\/"},"modified":"2026-01-20T09:14:04","modified_gmt":"2026-01-20T07:14:04","slug":"esitekehys-a3-seinalle","status":"publish","type":"product","link":"https:\/\/logistiikkakeskus.net\/kauppa\/tuote\/esitekehys-a3-seinalle\/","title":{"rendered":"Esitekehys A3, sein\u00e4lle"},"content":{"rendered":"<p>Myyntiyksikk\u00f6 PAR (2 kpl)<\/p>\n<h2>Itseliimautuva informaatiokehys Durable magaframe A3,avautuvallaetuikkunalla<\/h2>\n<p>Sile\u00e4lle pinnalle kiinnittyv\u00e4 kehystetty esite-\/tiedotetaskumagneettisella etuikkunalla esitteen tai tiedotteen nopeaanvaihtamiseen.<\/p>\n<ul>\n<li>Itseliimautuva A3-kokoinen muovitaskukehysavattavallaetuikkunalla\n<li>Kehyst\u00e4 kiert\u00e4\u00e4 hopeanv\u00e4rinen reunalista\n<li>Reunalistan alla on etuikkunaa kiinni pit\u00e4v\u00e4magneettimekanismi\n<li>Irtoaa ja uudelleenkiinnittyy j\u00e4lki\u00e4 j\u00e4tt\u00e4m\u00e4tt\u00e4<\/ul>\n<p><i>Hakusanat: toimistotarvikkeet, esitelineet,sein\u00e4telineet,sein\u00e4kyltit, sein\u00e4kyltit, mainostelineet<\/i><\/p>\n","protected":false},"excerpt":{"rendered":"<p>Myyntiyksikk\u00f6 PAR (2 kpl) Itseliimautuva informaatiokehys Durable magaframe A3,avautuvallaetuikkunalla Sile\u00e4lle pinnalle kiinnittyv\u00e4 kehystetty esite-\/tiedotetaskumagneettisella etuikkunalla esitteen tai tiedotteen nopeaanvaihtamiseen. Itseliimautuva A3-kokoinen muovitaskukehysavattavallaetuikkunalla Kehyst\u00e4 kiert\u00e4\u00e4 hopeanv\u00e4rinen reunalista Reunalistan alla on etuikkunaa kiinni pit\u00e4v\u00e4magneettimekanismi Irtoaa ja uudelleenkiinnittyy j\u00e4lki\u00e4 j\u00e4tt\u00e4m\u00e4tt\u00e4 Hakusanat: toimistotarvikkeet, esitelineet,sein\u00e4telineet,sein\u00e4kyltit, sein\u00e4kyltit, mainostelineet<\/p>\n","protected":false},"featured_media":101002,"comment_status":"open","ping_status":"closed","template":"","meta":[],"product_brand":[],"product_cat":[3123],"product_tag":[],"class_list":{"0":"post-65781","1":"product","2":"type-product","3":"status-publish","4":"has-post-thumbnail","6":"product_cat-toimistotarvikkeet-kokoushuone-ja-kongressitarvikkeet-esitetelineet-ja-kehykset","8":"first","9":"instock","10":"shipping-taxable","11":"purchasable","12":"product-type-simple"},"_links":{"self":[{"href":"https:\/\/logistiikkakeskus.net\/kauppa\/wp-json\/wp\/v2\/product\/65781","targetHints":{"allow":["GET"]}}],"collection":[{"href":"https:\/\/logistiikkakeskus.net\/kauppa\/wp-json\/wp\/v2\/product"}],"about":[{"href":"https:\/\/logistiikkakeskus.net\/kauppa\/wp-json\/wp\/v2\/types\/product"}],"replies":[{"embeddable":true,"href":"https:\/\/logistiikkakeskus.net\/kauppa\/wp-json\/wp\/v2\/comments?post=65781"}],"wp:featuredmedia":[{"embeddable":true,"href":"https:\/\/logistiikkakeskus.net\/kauppa\/wp-json\/wp\/v2\/media\/101002"}],"wp:attachment":[{"href":"https:\/\/logistiikkakeskus.net\/kauppa\/wp-json\/wp\/v2\/media?parent=65781"}],"wp:term":[{"taxonomy":"product_brand","embeddable":true,"href":"https:\/\/logistiikkakeskus.net\/kauppa\/wp-json\/wp\/v2\/product_brand?post=65781"},{"taxonomy":"product_cat","embeddable":true,"href":"https:\/\/logistiikkakeskus.net\/kauppa\/wp-json\/wp\/v2\/product_cat?post=65781"},{"taxonomy":"product_tag","embeddable":true,"href":"https:\/\/logistiikkakeskus.net\/kauppa\/wp-json\/wp\/v2\/product_tag?post=65781"}],"curies":[{"name":"wp","href":"https:\/\/api.w.org\/{rel}","templated":true}]}}