{"id":65626,"date":"2022-12-01T08:45:23","date_gmt":"2022-12-01T08:45:23","guid":{"rendered":"https:\/\/logistiikkakeskus.net\/kauppa\/tuote\/paperinen-juomapilli-6-mm\/"},"modified":"2026-01-20T09:13:58","modified_gmt":"2026-01-20T07:13:58","slug":"paperinen-juomapilli-6-mm","status":"publish","type":"product","link":"https:\/\/logistiikkakeskus.net\/kauppa\/tuote\/paperinen-juomapilli-6-mm\/","title":{"rendered":"Paperinen juomapilli (6 mm)"},"content":{"rendered":"<p>Myyntiyksikk\u00f6 PSS (250 kpl)<\/p>\n<h2>Paperinen juomapilli, taipuva<\/h2>\n<p>Halkaisija: 6 mm. H\u00e4vitt\u00e4mistapa energiaj\u00e4te.<\/p>\n<p><i>hakusanat: juomapillit, kertak\u00e4ytt\u00f6, mehupillit<\/i><\/p>\n","protected":false},"excerpt":{"rendered":"<p>Myyntiyksikk\u00f6 PSS (250 kpl) Paperinen juomapilli, taipuva Halkaisija: 6 mm. H\u00e4vitt\u00e4mistapa energiaj\u00e4te. hakusanat: juomapillit, kertak\u00e4ytt\u00f6, mehupillit<\/p>\n","protected":false},"featured_media":100926,"comment_status":"open","ping_status":"closed","template":"","meta":[],"product_brand":[],"product_cat":[3194],"product_tag":[],"class_list":{"0":"post-65626","1":"product","2":"type-product","3":"status-publish","4":"has-post-thumbnail","6":"product_cat-talouspaperit-tavarat-ja-tarvikkeet-kertakayttoastiat-aterimet","8":"first","9":"instock","10":"shipping-taxable","11":"purchasable","12":"product-type-simple"},"_links":{"self":[{"href":"https:\/\/logistiikkakeskus.net\/kauppa\/wp-json\/wp\/v2\/product\/65626","targetHints":{"allow":["GET"]}}],"collection":[{"href":"https:\/\/logistiikkakeskus.net\/kauppa\/wp-json\/wp\/v2\/product"}],"about":[{"href":"https:\/\/logistiikkakeskus.net\/kauppa\/wp-json\/wp\/v2\/types\/product"}],"replies":[{"embeddable":true,"href":"https:\/\/logistiikkakeskus.net\/kauppa\/wp-json\/wp\/v2\/comments?post=65626"}],"wp:featuredmedia":[{"embeddable":true,"href":"https:\/\/logistiikkakeskus.net\/kauppa\/wp-json\/wp\/v2\/media\/100926"}],"wp:attachment":[{"href":"https:\/\/logistiikkakeskus.net\/kauppa\/wp-json\/wp\/v2\/media?parent=65626"}],"wp:term":[{"taxonomy":"product_brand","embeddable":true,"href":"https:\/\/logistiikkakeskus.net\/kauppa\/wp-json\/wp\/v2\/product_brand?post=65626"},{"taxonomy":"product_cat","embeddable":true,"href":"https:\/\/logistiikkakeskus.net\/kauppa\/wp-json\/wp\/v2\/product_cat?post=65626"},{"taxonomy":"product_tag","embeddable":true,"href":"https:\/\/logistiikkakeskus.net\/kauppa\/wp-json\/wp\/v2\/product_tag?post=65626"}],"curies":[{"name":"wp","href":"https:\/\/api.w.org\/{rel}","templated":true}]}}