{"id":65622,"date":"2022-12-01T08:45:22","date_gmt":"2022-12-01T08:45:22","guid":{"rendered":"https:\/\/logistiikkakeskus.net\/kauppa\/tuote\/muovinen-ruokaveitsi-kertakaytto\/"},"modified":"2026-01-20T09:13:58","modified_gmt":"2026-01-20T07:13:58","slug":"muovinen-ruokaveitsi-kertakaytto","status":"publish","type":"product","link":"https:\/\/logistiikkakeskus.net\/kauppa\/tuote\/muovinen-ruokaveitsi-kertakaytto\/","title":{"rendered":"muovinen ruokaveitsi, kertak\u00e4ytt\u00f6"},"content":{"rendered":"<p>Myyntiyksikk\u00f6 PSS (100 kpl) ryhm\u00e4pakk. 10 pss\/ltk<\/p>\n<h2>Kertak\u00e4ytt\u00f6inenruokaveitsi 100 kpl, valkoista muovia<\/h2>\n<p>Valkoisestapolystyreenimuovista valmistettu, kertak\u00e4ytt\u00f6inen ruokaveitsi. Voidaankierr\u00e4tt\u00e4\u00e4 energiaj\u00e4tteen\u00e4 poltettavaksi. <\/p>\n<p><i>Hakusanat: Kertak\u00e4ytt\u00f6astiat, muoviveitsi, kertak\u00e4ytt\u00f6veitsi,ruokaveitsi, take away, muoviastiat, muoviaterimet, kertak\u00e4ytt\u00f6aterimet,ruokaveitset, muoviveitset, kertak\u00e4ytt\u00f6veitset, LEO-TUOTE<\/i><\/p>\n","protected":false},"excerpt":{"rendered":"<p>Myyntiyksikk\u00f6 PSS (100 kpl) ryhm\u00e4pakk. 10 pss\/ltk Kertak\u00e4ytt\u00f6inenruokaveitsi 100 kpl, valkoista muovia Valkoisestapolystyreenimuovista valmistettu, kertak\u00e4ytt\u00f6inen ruokaveitsi. Voidaankierr\u00e4tt\u00e4\u00e4 energiaj\u00e4tteen\u00e4 poltettavaksi. Hakusanat: Kertak\u00e4ytt\u00f6astiat, muoviveitsi, kertak\u00e4ytt\u00f6veitsi,ruokaveitsi, take away, muoviastiat, muoviaterimet, kertak\u00e4ytt\u00f6aterimet,ruokaveitset, muoviveitset, kertak\u00e4ytt\u00f6veitset, LEO-TUOTE<\/p>\n","protected":false},"featured_media":100924,"comment_status":"open","ping_status":"closed","template":"","meta":[],"product_brand":[],"product_cat":[3194],"product_tag":[],"class_list":{"0":"post-65622","1":"product","2":"type-product","3":"status-publish","4":"has-post-thumbnail","6":"product_cat-talouspaperit-tavarat-ja-tarvikkeet-kertakayttoastiat-aterimet","8":"first","9":"instock","10":"shipping-taxable","11":"purchasable","12":"product-type-simple"},"_links":{"self":[{"href":"https:\/\/logistiikkakeskus.net\/kauppa\/wp-json\/wp\/v2\/product\/65622","targetHints":{"allow":["GET"]}}],"collection":[{"href":"https:\/\/logistiikkakeskus.net\/kauppa\/wp-json\/wp\/v2\/product"}],"about":[{"href":"https:\/\/logistiikkakeskus.net\/kauppa\/wp-json\/wp\/v2\/types\/product"}],"replies":[{"embeddable":true,"href":"https:\/\/logistiikkakeskus.net\/kauppa\/wp-json\/wp\/v2\/comments?post=65622"}],"wp:featuredmedia":[{"embeddable":true,"href":"https:\/\/logistiikkakeskus.net\/kauppa\/wp-json\/wp\/v2\/media\/100924"}],"wp:attachment":[{"href":"https:\/\/logistiikkakeskus.net\/kauppa\/wp-json\/wp\/v2\/media?parent=65622"}],"wp:term":[{"taxonomy":"product_brand","embeddable":true,"href":"https:\/\/logistiikkakeskus.net\/kauppa\/wp-json\/wp\/v2\/product_brand?post=65622"},{"taxonomy":"product_cat","embeddable":true,"href":"https:\/\/logistiikkakeskus.net\/kauppa\/wp-json\/wp\/v2\/product_cat?post=65622"},{"taxonomy":"product_tag","embeddable":true,"href":"https:\/\/logistiikkakeskus.net\/kauppa\/wp-json\/wp\/v2\/product_tag?post=65622"}],"curies":[{"name":"wp","href":"https:\/\/api.w.org\/{rel}","templated":true}]}}