{"id":65620,"date":"2022-12-01T08:45:22","date_gmt":"2022-12-01T08:45:22","guid":{"rendered":"https:\/\/logistiikkakeskus.net\/kauppa\/tuote\/puinen-ruokahaarukka-kertakaytto\/"},"modified":"2026-01-20T09:13:58","modified_gmt":"2026-01-20T07:13:58","slug":"puinen-ruokahaarukka-kertakaytto","status":"publish","type":"product","link":"https:\/\/logistiikkakeskus.net\/kauppa\/tuote\/puinen-ruokahaarukka-kertakaytto\/","title":{"rendered":"Puinen ruokahaarukka, kertak\u00e4ytt\u00f6"},"content":{"rendered":"<p>Myyntiyksikk\u00f6 PSS (100 kpl) ryhm\u00e4pakk. 50 pss\/ltk<\/p>\n<h2>Kertak\u00e4ytt\u00f6inenhaarukka, puinen<\/h2>\n<p>Puusta valmistettu, kertak\u00e4ytt\u00f6inenruokahaarukka.<\/p>\n<p><i>Hakusanat: Kertak\u00e4ytt\u00f6astiat,haarukka,kertak\u00e4ytt\u00f6haarukka, take away, aterimet, kertak\u00e4ytt\u00f6aterimet,ruokahaarukka, kertak\u00e4ytt\u00f6haarukat, Vastuullinen kompostoituva<\/i><\/p>\n","protected":false},"excerpt":{"rendered":"<p>Myyntiyksikk\u00f6 PSS (100 kpl) ryhm\u00e4pakk. 50 pss\/ltk Kertak\u00e4ytt\u00f6inenhaarukka, puinen Puusta valmistettu, kertak\u00e4ytt\u00f6inenruokahaarukka. Hakusanat: Kertak\u00e4ytt\u00f6astiat,haarukka,kertak\u00e4ytt\u00f6haarukka, take away, aterimet, kertak\u00e4ytt\u00f6aterimet,ruokahaarukka, kertak\u00e4ytt\u00f6haarukat, Vastuullinen kompostoituva<\/p>\n","protected":false},"featured_media":100923,"comment_status":"open","ping_status":"closed","template":"","meta":[],"product_brand":[],"product_cat":[3194],"product_tag":[],"class_list":{"0":"post-65620","1":"product","2":"type-product","3":"status-publish","4":"has-post-thumbnail","6":"product_cat-talouspaperit-tavarat-ja-tarvikkeet-kertakayttoastiat-aterimet","8":"first","9":"instock","10":"shipping-taxable","11":"purchasable","12":"product-type-simple"},"_links":{"self":[{"href":"https:\/\/logistiikkakeskus.net\/kauppa\/wp-json\/wp\/v2\/product\/65620","targetHints":{"allow":["GET"]}}],"collection":[{"href":"https:\/\/logistiikkakeskus.net\/kauppa\/wp-json\/wp\/v2\/product"}],"about":[{"href":"https:\/\/logistiikkakeskus.net\/kauppa\/wp-json\/wp\/v2\/types\/product"}],"replies":[{"embeddable":true,"href":"https:\/\/logistiikkakeskus.net\/kauppa\/wp-json\/wp\/v2\/comments?post=65620"}],"wp:featuredmedia":[{"embeddable":true,"href":"https:\/\/logistiikkakeskus.net\/kauppa\/wp-json\/wp\/v2\/media\/100923"}],"wp:attachment":[{"href":"https:\/\/logistiikkakeskus.net\/kauppa\/wp-json\/wp\/v2\/media?parent=65620"}],"wp:term":[{"taxonomy":"product_brand","embeddable":true,"href":"https:\/\/logistiikkakeskus.net\/kauppa\/wp-json\/wp\/v2\/product_brand?post=65620"},{"taxonomy":"product_cat","embeddable":true,"href":"https:\/\/logistiikkakeskus.net\/kauppa\/wp-json\/wp\/v2\/product_cat?post=65620"},{"taxonomy":"product_tag","embeddable":true,"href":"https:\/\/logistiikkakeskus.net\/kauppa\/wp-json\/wp\/v2\/product_tag?post=65620"}],"curies":[{"name":"wp","href":"https:\/\/api.w.org\/{rel}","templated":true}]}}