{"id":65618,"date":"2022-12-01T08:45:21","date_gmt":"2022-12-01T08:45:21","guid":{"rendered":"https:\/\/logistiikkakeskus.net\/kauppa\/tuote\/puinen-ruokalusikka-kertakaytto\/"},"modified":"2026-01-20T09:13:58","modified_gmt":"2026-01-20T07:13:58","slug":"puinen-ruokalusikka-kertakaytto","status":"publish","type":"product","link":"https:\/\/logistiikkakeskus.net\/kauppa\/tuote\/puinen-ruokalusikka-kertakaytto\/","title":{"rendered":"Puinen ruokalusikka, kertak\u00e4ytt\u00f6"},"content":{"rendered":"<p>Myyntiyksikk\u00f6 PSS (100 kpl) ryhm\u00e4pakk. 50 pss\/ltk<\/p>\n<h2>Kertak\u00e4ytt\u00f6inenruokalusikka, puinen<\/h2>\n<p>Puusta valmistettu,kertak\u00e4ytt\u00f6inenruoka-\/soppalusikka. Vastuullinen kompostoituvaVoidaankierr\u00e4tt\u00e4\u00e4 energiaj\u00e4tteen\u00e4 poltettavaksi.<\/p>\n<p><i>Hakusanat:Kertak\u00e4ytt\u00f6astiat, kertak\u00e4ytt\u00f6lusikka, ruokalusikka, takeaway, kuumakuppi, hotcup, muoviastiat,muoviaterimet,kertak\u00e4ytt\u00f6aterimet, ruokalusikat, kertak\u00e4ytt\u00f6lusikat<\/i><\/p>\n","protected":false},"excerpt":{"rendered":"<p>Myyntiyksikk\u00f6 PSS (100 kpl) ryhm\u00e4pakk. 50 pss\/ltk Kertak\u00e4ytt\u00f6inenruokalusikka, puinen Puusta valmistettu,kertak\u00e4ytt\u00f6inenruoka-\/soppalusikka. Vastuullinen kompostoituvaVoidaankierr\u00e4tt\u00e4\u00e4 energiaj\u00e4tteen\u00e4 poltettavaksi. Hakusanat:Kertak\u00e4ytt\u00f6astiat, kertak\u00e4ytt\u00f6lusikka, ruokalusikka, takeaway, kuumakuppi, hotcup, muoviastiat,muoviaterimet,kertak\u00e4ytt\u00f6aterimet, ruokalusikat, kertak\u00e4ytt\u00f6lusikat<\/p>\n","protected":false},"featured_media":100922,"comment_status":"open","ping_status":"closed","template":"","meta":[],"product_brand":[],"product_cat":[3194],"product_tag":[],"class_list":{"0":"post-65618","1":"product","2":"type-product","3":"status-publish","4":"has-post-thumbnail","6":"product_cat-talouspaperit-tavarat-ja-tarvikkeet-kertakayttoastiat-aterimet","8":"first","9":"instock","10":"shipping-taxable","11":"purchasable","12":"product-type-simple"},"_links":{"self":[{"href":"https:\/\/logistiikkakeskus.net\/kauppa\/wp-json\/wp\/v2\/product\/65618","targetHints":{"allow":["GET"]}}],"collection":[{"href":"https:\/\/logistiikkakeskus.net\/kauppa\/wp-json\/wp\/v2\/product"}],"about":[{"href":"https:\/\/logistiikkakeskus.net\/kauppa\/wp-json\/wp\/v2\/types\/product"}],"replies":[{"embeddable":true,"href":"https:\/\/logistiikkakeskus.net\/kauppa\/wp-json\/wp\/v2\/comments?post=65618"}],"wp:featuredmedia":[{"embeddable":true,"href":"https:\/\/logistiikkakeskus.net\/kauppa\/wp-json\/wp\/v2\/media\/100922"}],"wp:attachment":[{"href":"https:\/\/logistiikkakeskus.net\/kauppa\/wp-json\/wp\/v2\/media?parent=65618"}],"wp:term":[{"taxonomy":"product_brand","embeddable":true,"href":"https:\/\/logistiikkakeskus.net\/kauppa\/wp-json\/wp\/v2\/product_brand?post=65618"},{"taxonomy":"product_cat","embeddable":true,"href":"https:\/\/logistiikkakeskus.net\/kauppa\/wp-json\/wp\/v2\/product_cat?post=65618"},{"taxonomy":"product_tag","embeddable":true,"href":"https:\/\/logistiikkakeskus.net\/kauppa\/wp-json\/wp\/v2\/product_tag?post=65618"}],"curies":[{"name":"wp","href":"https:\/\/api.w.org\/{rel}","templated":true}]}}