{"id":65614,"date":"2022-12-01T08:45:20","date_gmt":"2022-12-01T08:45:20","guid":{"rendered":"https:\/\/logistiikkakeskus.net\/kauppa\/tuote\/puinen-ruokaveitsi-kertakaytto\/"},"modified":"2026-01-20T09:13:58","modified_gmt":"2026-01-20T07:13:58","slug":"puinen-ruokaveitsi-kertakaytto","status":"publish","type":"product","link":"https:\/\/logistiikkakeskus.net\/kauppa\/tuote\/puinen-ruokaveitsi-kertakaytto\/","title":{"rendered":"Puinen ruokaveitsi, kertak\u00e4ytt\u00f6"},"content":{"rendered":"<p>Myyntiyksikk\u00f6 PSS (100 kpl) ryhm\u00e4pakk. 50 pss\/ltk<\/p>\n<h2>Kertak\u00e4ytt\u00f6inenveitsi, puinen<\/h2>\n<p>Puusta valmistettu, kertak\u00e4ytt\u00f6inenruokaveitsi.<\/p>\n<p><i>Hakusanat: Kertak\u00e4ytt\u00f6astiat,veitsi,kertak\u00e4ytt\u00f6veitsi, take away, aterimet, kertak\u00e4ytt\u00f6aterimet,ruokaveitsi, kertak\u00e4ytt\u00f6veitset, Vastuullinen kompostoituva<\/i><\/p>\n","protected":false},"excerpt":{"rendered":"<p>Myyntiyksikk\u00f6 PSS (100 kpl) ryhm\u00e4pakk. 50 pss\/ltk Kertak\u00e4ytt\u00f6inenveitsi, puinen Puusta valmistettu, kertak\u00e4ytt\u00f6inenruokaveitsi. Hakusanat: Kertak\u00e4ytt\u00f6astiat,veitsi,kertak\u00e4ytt\u00f6veitsi, take away, aterimet, kertak\u00e4ytt\u00f6aterimet,ruokaveitsi, kertak\u00e4ytt\u00f6veitset, Vastuullinen kompostoituva<\/p>\n","protected":false},"featured_media":100920,"comment_status":"open","ping_status":"closed","template":"","meta":[],"product_brand":[],"product_cat":[3194],"product_tag":[],"class_list":{"0":"post-65614","1":"product","2":"type-product","3":"status-publish","4":"has-post-thumbnail","6":"product_cat-talouspaperit-tavarat-ja-tarvikkeet-kertakayttoastiat-aterimet","8":"first","9":"instock","10":"shipping-taxable","11":"purchasable","12":"product-type-simple"},"_links":{"self":[{"href":"https:\/\/logistiikkakeskus.net\/kauppa\/wp-json\/wp\/v2\/product\/65614","targetHints":{"allow":["GET"]}}],"collection":[{"href":"https:\/\/logistiikkakeskus.net\/kauppa\/wp-json\/wp\/v2\/product"}],"about":[{"href":"https:\/\/logistiikkakeskus.net\/kauppa\/wp-json\/wp\/v2\/types\/product"}],"replies":[{"embeddable":true,"href":"https:\/\/logistiikkakeskus.net\/kauppa\/wp-json\/wp\/v2\/comments?post=65614"}],"wp:featuredmedia":[{"embeddable":true,"href":"https:\/\/logistiikkakeskus.net\/kauppa\/wp-json\/wp\/v2\/media\/100920"}],"wp:attachment":[{"href":"https:\/\/logistiikkakeskus.net\/kauppa\/wp-json\/wp\/v2\/media?parent=65614"}],"wp:term":[{"taxonomy":"product_brand","embeddable":true,"href":"https:\/\/logistiikkakeskus.net\/kauppa\/wp-json\/wp\/v2\/product_brand?post=65614"},{"taxonomy":"product_cat","embeddable":true,"href":"https:\/\/logistiikkakeskus.net\/kauppa\/wp-json\/wp\/v2\/product_cat?post=65614"},{"taxonomy":"product_tag","embeddable":true,"href":"https:\/\/logistiikkakeskus.net\/kauppa\/wp-json\/wp\/v2\/product_tag?post=65614"}],"curies":[{"name":"wp","href":"https:\/\/api.w.org\/{rel}","templated":true}]}}