{"id":65430,"date":"2022-12-01T08:44:27","date_gmt":"2022-12-01T08:44:27","guid":{"rendered":"https:\/\/logistiikkakeskus.net\/kauppa\/tuote\/desinfektioaine-5l-easydes\/"},"modified":"2026-01-20T09:13:48","modified_gmt":"2026-01-20T07:13:48","slug":"desinfektioaine-5l-easydes","status":"publish","type":"product","link":"https:\/\/logistiikkakeskus.net\/kauppa\/tuote\/desinfektioaine-5l-easydes\/","title":{"rendered":"Desinfektioaine 5l, Easydes"},"content":{"rendered":"<p>Myyntiyksikk\u00f6 AST (5L), ryhm\u00e4p. 3 ast\/ltk<\/p>\n<h2>Pesev\u00e4 Desinfektioaine Easydes, 5 litraa<\/h2>\n<p>Pesev\u00e4 etanolipohjainen desinfektioaine,joka sis\u00e4lt\u00e4\u00e4 pesevi\u00e4ainesosia.<\/p>\n<ul>\n<li>Mikrobisidisesti nopeavaikutteinen ja laajatehoinen\n<li>Tuhoaa tehokkaasti bakteerit, virukset ja sienet\n<li>Poistaa hyvin lian ja rasvan\n<li>K\u00e4ytt\u00f6kohteet: hoitov\u00e4lineet, infektioalttiit tasopinnat,sopii my\u00f6seritetahradesinfektioon\n<li>Sopii kaikille alkoholeja siet\u00e4ville pinnoille\n<li>pH-arvo 10 (k\u00e4ytt\u00f6liuos)<\/ul>\n<p><i>Hakusanat: desinfektioaine, alkoholipohjainen,desinfioivapesuaine, pintadesinfektioaine<\/i><\/p>\n","protected":false},"excerpt":{"rendered":"<p>Myyntiyksikk\u00f6 AST (5L), ryhm\u00e4p. 3 ast\/ltk Pesev\u00e4 Desinfektioaine Easydes, 5 litraa Pesev\u00e4 etanolipohjainen desinfektioaine,joka sis\u00e4lt\u00e4\u00e4 pesevi\u00e4ainesosia. Mikrobisidisesti nopeavaikutteinen ja laajatehoinen Tuhoaa tehokkaasti bakteerit, virukset ja sienet Poistaa hyvin lian ja rasvan K\u00e4ytt\u00f6kohteet: hoitov\u00e4lineet, infektioalttiit tasopinnat,sopii my\u00f6seritetahradesinfektioon Sopii kaikille alkoholeja siet\u00e4ville pinnoille pH-arvo 10 (k\u00e4ytt\u00f6liuos) Hakusanat: desinfektioaine, alkoholipohjainen,desinfioivapesuaine, pintadesinfektioaine<\/p>\n","protected":false},"featured_media":100836,"comment_status":"open","ping_status":"closed","template":"","meta":[],"product_brand":[],"product_cat":[3172],"product_tag":[],"class_list":{"0":"post-65430","1":"product","2":"type-product","3":"status-publish","4":"has-post-thumbnail","6":"product_cat-pesu-ja-puhdistusaineet-desinfektioaineet-desinfektioaineet","8":"first","9":"instock","10":"shipping-taxable","11":"purchasable","12":"product-type-simple"},"_links":{"self":[{"href":"https:\/\/logistiikkakeskus.net\/kauppa\/wp-json\/wp\/v2\/product\/65430","targetHints":{"allow":["GET"]}}],"collection":[{"href":"https:\/\/logistiikkakeskus.net\/kauppa\/wp-json\/wp\/v2\/product"}],"about":[{"href":"https:\/\/logistiikkakeskus.net\/kauppa\/wp-json\/wp\/v2\/types\/product"}],"replies":[{"embeddable":true,"href":"https:\/\/logistiikkakeskus.net\/kauppa\/wp-json\/wp\/v2\/comments?post=65430"}],"wp:featuredmedia":[{"embeddable":true,"href":"https:\/\/logistiikkakeskus.net\/kauppa\/wp-json\/wp\/v2\/media\/100836"}],"wp:attachment":[{"href":"https:\/\/logistiikkakeskus.net\/kauppa\/wp-json\/wp\/v2\/media?parent=65430"}],"wp:term":[{"taxonomy":"product_brand","embeddable":true,"href":"https:\/\/logistiikkakeskus.net\/kauppa\/wp-json\/wp\/v2\/product_brand?post=65430"},{"taxonomy":"product_cat","embeddable":true,"href":"https:\/\/logistiikkakeskus.net\/kauppa\/wp-json\/wp\/v2\/product_cat?post=65430"},{"taxonomy":"product_tag","embeddable":true,"href":"https:\/\/logistiikkakeskus.net\/kauppa\/wp-json\/wp\/v2\/product_tag?post=65430"}],"curies":[{"name":"wp","href":"https:\/\/api.w.org\/{rel}","templated":true}]}}