{"id":65426,"date":"2022-12-01T08:44:26","date_gmt":"2022-12-01T08:44:26","guid":{"rendered":"https:\/\/logistiikkakeskus.net\/kauppa\/tuote\/desinfektioaine-easydes-500-ml\/"},"modified":"2026-01-20T09:13:47","modified_gmt":"2026-01-20T07:13:47","slug":"desinfektioaine-easydes-500-ml","status":"publish","type":"product","link":"https:\/\/logistiikkakeskus.net\/kauppa\/tuote\/desinfektioaine-easydes-500-ml\/","title":{"rendered":"Desinfektioaine Easydes, 500 ml"},"content":{"rendered":"<p>Myyntiyksikk\u00f6 PLO (500 ml), ryhm\u00e4pakkaus 6 plo\/ltk<\/p>\n<h2>Pesev\u00e4 Desinfektioaine Easydes 500 ml<\/h2>\n<p>Pesev\u00e4 etanolipohjainen desifektioaine.<\/p>\n<ul>\n<li>Mikrobisidisesti nopeavaikutteinen ja laajatehoinen\n<li>Tuhoaa tehokkaasti bakteerit, virukset ja sienet\n<li>Poistaa hyvin lian ja rasvan\n<li>K\u00e4ytt\u00f6kohteet: kosketuspinnoille, laitteille (my\u00f6s puhelintenjatietokoneiden n\u00e4pp\u00e4imist\u00f6t, hiiret)\n<li>Sopii kaikille alkoholeja siet\u00e4ville pinnoille\n<li>pH-arvo 10 (k\u00e4ytt\u00f6liuos)<\/ul>\n<p><i>Hakusanat: alkoholipohjainen, pintadesinfektioaine,desinfioiva<\/i><\/p>\n","protected":false},"excerpt":{"rendered":"<p>Myyntiyksikk\u00f6 PLO (500 ml), ryhm\u00e4pakkaus 6 plo\/ltk Pesev\u00e4 Desinfektioaine Easydes 500 ml Pesev\u00e4 etanolipohjainen desifektioaine. Mikrobisidisesti nopeavaikutteinen ja laajatehoinen Tuhoaa tehokkaasti bakteerit, virukset ja sienet Poistaa hyvin lian ja rasvan K\u00e4ytt\u00f6kohteet: kosketuspinnoille, laitteille (my\u00f6s puhelintenjatietokoneiden n\u00e4pp\u00e4imist\u00f6t, hiiret) Sopii kaikille alkoholeja siet\u00e4ville pinnoille pH-arvo 10 (k\u00e4ytt\u00f6liuos) Hakusanat: alkoholipohjainen, pintadesinfektioaine,desinfioiva<\/p>\n","protected":false},"featured_media":100834,"comment_status":"open","ping_status":"closed","template":"","meta":[],"product_brand":[],"product_cat":[3172],"product_tag":[],"class_list":{"0":"post-65426","1":"product","2":"type-product","3":"status-publish","4":"has-post-thumbnail","6":"product_cat-pesu-ja-puhdistusaineet-desinfektioaineet-desinfektioaineet","8":"first","9":"instock","10":"shipping-taxable","11":"purchasable","12":"product-type-simple"},"_links":{"self":[{"href":"https:\/\/logistiikkakeskus.net\/kauppa\/wp-json\/wp\/v2\/product\/65426","targetHints":{"allow":["GET"]}}],"collection":[{"href":"https:\/\/logistiikkakeskus.net\/kauppa\/wp-json\/wp\/v2\/product"}],"about":[{"href":"https:\/\/logistiikkakeskus.net\/kauppa\/wp-json\/wp\/v2\/types\/product"}],"replies":[{"embeddable":true,"href":"https:\/\/logistiikkakeskus.net\/kauppa\/wp-json\/wp\/v2\/comments?post=65426"}],"wp:featuredmedia":[{"embeddable":true,"href":"https:\/\/logistiikkakeskus.net\/kauppa\/wp-json\/wp\/v2\/media\/100834"}],"wp:attachment":[{"href":"https:\/\/logistiikkakeskus.net\/kauppa\/wp-json\/wp\/v2\/media?parent=65426"}],"wp:term":[{"taxonomy":"product_brand","embeddable":true,"href":"https:\/\/logistiikkakeskus.net\/kauppa\/wp-json\/wp\/v2\/product_brand?post=65426"},{"taxonomy":"product_cat","embeddable":true,"href":"https:\/\/logistiikkakeskus.net\/kauppa\/wp-json\/wp\/v2\/product_cat?post=65426"},{"taxonomy":"product_tag","embeddable":true,"href":"https:\/\/logistiikkakeskus.net\/kauppa\/wp-json\/wp\/v2\/product_tag?post=65426"}],"curies":[{"name":"wp","href":"https:\/\/api.w.org\/{rel}","templated":true}]}}