{"id":65418,"date":"2022-12-01T08:44:23","date_gmt":"2022-12-01T08:44:23","guid":{"rendered":"https:\/\/logistiikkakeskus.net\/kauppa\/tuote\/kalkinpoistoaine-2l-suma-calc\/"},"modified":"2026-01-20T09:13:47","modified_gmt":"2026-01-20T07:13:47","slug":"kalkinpoistoaine-2l-suma-calc","status":"publish","type":"product","link":"https:\/\/logistiikkakeskus.net\/kauppa\/tuote\/kalkinpoistoaine-2l-suma-calc\/","title":{"rendered":"Kalkinpoistoaine 2l, Suma Calc"},"content":{"rendered":"<p>Myyntiyksikk\u00f6 PLO (2 litraa), ryhm\u00e4pakk. 6 plo\/ltk<\/p>\n<h2>Kalkinpoistoneste Suma Calc (D5), 2 litraa<\/h2>\n<p>Eritt\u00e4in tehokas kalkinpoistoaine keitti\u00f6koneille jav\u00e4lineille.<\/p>\n<ul>\n<li>pH-arvo 1,0 (laimentamaton liuos)\n<li>K\u00e4ytt\u00f6kohteet: astianpesukone, boileri, kahvinkeitin,vedenkeitin jah\u00f6yrykeitin\n<li>Poistaa kalkkisaostumat &#8211; lis\u00e4\u00e4 hygieniatasoa\n<li>Palauttaa metallipintojen ulkon\u00e4\u00f6n<\/ul>\n<p><i>Hakusanat: 100834191, kalkinpoistoaine,keitti\u00f6hygienia,elintarviketilat<\/i><\/p>\n","protected":false},"excerpt":{"rendered":"<p>Myyntiyksikk\u00f6 PLO (2 litraa), ryhm\u00e4pakk. 6 plo\/ltk Kalkinpoistoneste Suma Calc (D5), 2 litraa Eritt\u00e4in tehokas kalkinpoistoaine keitti\u00f6koneille jav\u00e4lineille. pH-arvo 1,0 (laimentamaton liuos) K\u00e4ytt\u00f6kohteet: astianpesukone, boileri, kahvinkeitin,vedenkeitin jah\u00f6yrykeitin Poistaa kalkkisaostumat &#8211; lis\u00e4\u00e4 hygieniatasoa Palauttaa metallipintojen ulkon\u00e4\u00f6n Hakusanat: 100834191, kalkinpoistoaine,keitti\u00f6hygienia,elintarviketilat<\/p>\n","protected":false},"featured_media":100830,"comment_status":"open","ping_status":"closed","template":"","meta":[],"product_brand":[],"product_cat":[3169],"product_tag":[],"class_list":{"0":"post-65418","1":"product","2":"type-product","3":"status-publish","4":"has-post-thumbnail","6":"product_cat-pesu-ja-puhdistusaineet-keittioiden-puhdistusaineet-keittiopintojen-puhdistusaineet","8":"first","9":"instock","10":"shipping-taxable","11":"purchasable","12":"product-type-simple"},"_links":{"self":[{"href":"https:\/\/logistiikkakeskus.net\/kauppa\/wp-json\/wp\/v2\/product\/65418","targetHints":{"allow":["GET"]}}],"collection":[{"href":"https:\/\/logistiikkakeskus.net\/kauppa\/wp-json\/wp\/v2\/product"}],"about":[{"href":"https:\/\/logistiikkakeskus.net\/kauppa\/wp-json\/wp\/v2\/types\/product"}],"replies":[{"embeddable":true,"href":"https:\/\/logistiikkakeskus.net\/kauppa\/wp-json\/wp\/v2\/comments?post=65418"}],"wp:featuredmedia":[{"embeddable":true,"href":"https:\/\/logistiikkakeskus.net\/kauppa\/wp-json\/wp\/v2\/media\/100830"}],"wp:attachment":[{"href":"https:\/\/logistiikkakeskus.net\/kauppa\/wp-json\/wp\/v2\/media?parent=65418"}],"wp:term":[{"taxonomy":"product_brand","embeddable":true,"href":"https:\/\/logistiikkakeskus.net\/kauppa\/wp-json\/wp\/v2\/product_brand?post=65418"},{"taxonomy":"product_cat","embeddable":true,"href":"https:\/\/logistiikkakeskus.net\/kauppa\/wp-json\/wp\/v2\/product_cat?post=65418"},{"taxonomy":"product_tag","embeddable":true,"href":"https:\/\/logistiikkakeskus.net\/kauppa\/wp-json\/wp\/v2\/product_tag?post=65418"}],"curies":[{"name":"wp","href":"https:\/\/api.w.org\/{rel}","templated":true}]}}