{"id":65408,"date":"2022-12-01T08:44:21","date_gmt":"2022-12-01T08:44:21","guid":{"rendered":"https:\/\/logistiikkakeskus.net\/kauppa\/tuote\/puhdistusaine-2l-desinfioiva\/"},"modified":"2026-01-20T09:13:47","modified_gmt":"2026-01-20T07:13:47","slug":"puhdistusaine-2l-desinfioiva","status":"publish","type":"product","link":"https:\/\/logistiikkakeskus.net\/kauppa\/tuote\/puhdistusaine-2l-desinfioiva\/","title":{"rendered":"Puhdistusaine 5l, desinfioiva"},"content":{"rendered":"<h2>Desinfioiva puhdistusaine Suma Bac (D10), 5 litraa<\/h2>\n<p>Nestem\u00e4inen tehokas desinfioivapuhdistusaineruuanvalmistustilojenkaikkien pintojen yhdistettyyn pesuun ja desinfiointiin.<\/p>\n<li>Puhdistaa ja desinfioi; tehoaa my\u00f6s rasvaan ja kuivuneeseenlikaan\n<li>Tehoaa useimpiin mikro-organismeihin\n<li>Sopiva vesityyppi: kaikki\n<li>pH-arvo 10,3 (1% k\u00e4ytt\u00f6liuos)\n<li>Kvattipohjainen, sis\u00e4lt\u00e4\u00e4 kvaternaarista ammoniumyhdistett\u00e4<\/ul>\n<p><i>Hakusanat: desinfiointiaine, desinfektioaine,elintarviketilat,keitti\u00f6n puhdistusaineet<\/i><\/p>\n","protected":false},"excerpt":{"rendered":"<p>Desinfioiva puhdistusaine Suma Bac (D10), 5 litraa Nestem\u00e4inen tehokas desinfioivapuhdistusaineruuanvalmistustilojenkaikkien pintojen yhdistettyyn pesuun ja desinfiointiin. Puhdistaa ja desinfioi; tehoaa my\u00f6s rasvaan ja kuivuneeseenlikaan Tehoaa useimpiin mikro-organismeihin Sopiva vesityyppi: kaikki pH-arvo 10,3 (1% k\u00e4ytt\u00f6liuos) Kvattipohjainen, sis\u00e4lt\u00e4\u00e4 kvaternaarista ammoniumyhdistett\u00e4 Hakusanat: desinfiointiaine, desinfektioaine,elintarviketilat,keitti\u00f6n puhdistusaineet<\/p>\n","protected":false},"featured_media":100825,"comment_status":"open","ping_status":"closed","template":"","meta":[],"product_brand":[],"product_cat":[3169],"product_tag":[],"class_list":{"0":"post-65408","1":"product","2":"type-product","3":"status-publish","4":"has-post-thumbnail","6":"product_cat-pesu-ja-puhdistusaineet-keittioiden-puhdistusaineet-keittiopintojen-puhdistusaineet","8":"first","9":"instock","10":"shipping-taxable","11":"purchasable","12":"product-type-simple"},"_links":{"self":[{"href":"https:\/\/logistiikkakeskus.net\/kauppa\/wp-json\/wp\/v2\/product\/65408","targetHints":{"allow":["GET"]}}],"collection":[{"href":"https:\/\/logistiikkakeskus.net\/kauppa\/wp-json\/wp\/v2\/product"}],"about":[{"href":"https:\/\/logistiikkakeskus.net\/kauppa\/wp-json\/wp\/v2\/types\/product"}],"replies":[{"embeddable":true,"href":"https:\/\/logistiikkakeskus.net\/kauppa\/wp-json\/wp\/v2\/comments?post=65408"}],"wp:featuredmedia":[{"embeddable":true,"href":"https:\/\/logistiikkakeskus.net\/kauppa\/wp-json\/wp\/v2\/media\/100825"}],"wp:attachment":[{"href":"https:\/\/logistiikkakeskus.net\/kauppa\/wp-json\/wp\/v2\/media?parent=65408"}],"wp:term":[{"taxonomy":"product_brand","embeddable":true,"href":"https:\/\/logistiikkakeskus.net\/kauppa\/wp-json\/wp\/v2\/product_brand?post=65408"},{"taxonomy":"product_cat","embeddable":true,"href":"https:\/\/logistiikkakeskus.net\/kauppa\/wp-json\/wp\/v2\/product_cat?post=65408"},{"taxonomy":"product_tag","embeddable":true,"href":"https:\/\/logistiikkakeskus.net\/kauppa\/wp-json\/wp\/v2\/product_tag?post=65408"}],"curies":[{"name":"wp","href":"https:\/\/api.w.org\/{rel}","templated":true}]}}