{"id":65347,"date":"2022-12-01T08:44:02","date_gmt":"2022-12-01T08:44:02","guid":{"rendered":"https:\/\/logistiikkakeskus.net\/kauppa\/tuote\/tasoraappa-75x18x-21cm-muovia\/"},"modified":"2026-01-20T09:13:43","modified_gmt":"2026-01-20T07:13:43","slug":"tasoraappa-75x18x-21cm-muovia","status":"publish","type":"product","link":"https:\/\/logistiikkakeskus.net\/kauppa\/tuote\/tasoraappa-75x18x-21cm-muovia\/","title":{"rendered":"Tasoraappa 165 mm (muovia)"},"content":{"rendered":"<p>Muoviter\u00e4inen tasolasta \/ tasoraappa Vikan 165 mm<\/p>\n<p>Joustava elintarvikekosketukseen hyv\u00e4ksytty raappa tasojen,pintojen,p\u00f6ytien, kuljettimien, s\u00e4ilytyslaatikoiden ja saavien puhdistukseen.Soveltuu my\u00f6s taikinan k\u00e4sittelyyn. Samassa raapassa on kolmella sivullaraaputusreuna. Sopii elintarvikkeiden k\u00e4sittelytiloihin (keitti\u00f6t)<\/p>\n<p><i>Hakusanat: siivoustarvikkeet, siivousv\u00e4lineet,purkkaraappa,elintarvikelasta, elintarvikeraappa, k\u00e4siraappa,  muoviraappa, sikli<\/i><\/p>\n","protected":false},"excerpt":{"rendered":"<p>Muoviter\u00e4inen tasolasta \/ tasoraappa Vikan 165 mm Joustava elintarvikekosketukseen hyv\u00e4ksytty raappa tasojen,pintojen,p\u00f6ytien, kuljettimien, s\u00e4ilytyslaatikoiden ja saavien puhdistukseen.Soveltuu my\u00f6s taikinan k\u00e4sittelyyn. Samassa raapassa on kolmella sivullaraaputusreuna. Sopii elintarvikkeiden k\u00e4sittelytiloihin (keitti\u00f6t) Hakusanat: siivoustarvikkeet, siivousv\u00e4lineet,purkkaraappa,elintarvikelasta, elintarvikeraappa, k\u00e4siraappa, muoviraappa, sikli<\/p>\n","protected":false},"featured_media":100796,"comment_status":"open","ping_status":"closed","template":"","meta":[],"product_brand":[],"product_cat":[3161],"product_tag":[],"class_list":{"0":"post-65347","1":"product","2":"type-product","3":"status-publish","4":"has-post-thumbnail","6":"product_cat-siivousvalineet-ja-tarvikkeet-muut-siivoustarvikkeet-raapat-ja-terat","8":"first","9":"instock","10":"shipping-taxable","11":"purchasable","12":"product-type-simple"},"_links":{"self":[{"href":"https:\/\/logistiikkakeskus.net\/kauppa\/wp-json\/wp\/v2\/product\/65347","targetHints":{"allow":["GET"]}}],"collection":[{"href":"https:\/\/logistiikkakeskus.net\/kauppa\/wp-json\/wp\/v2\/product"}],"about":[{"href":"https:\/\/logistiikkakeskus.net\/kauppa\/wp-json\/wp\/v2\/types\/product"}],"replies":[{"embeddable":true,"href":"https:\/\/logistiikkakeskus.net\/kauppa\/wp-json\/wp\/v2\/comments?post=65347"}],"wp:featuredmedia":[{"embeddable":true,"href":"https:\/\/logistiikkakeskus.net\/kauppa\/wp-json\/wp\/v2\/media\/100796"}],"wp:attachment":[{"href":"https:\/\/logistiikkakeskus.net\/kauppa\/wp-json\/wp\/v2\/media?parent=65347"}],"wp:term":[{"taxonomy":"product_brand","embeddable":true,"href":"https:\/\/logistiikkakeskus.net\/kauppa\/wp-json\/wp\/v2\/product_brand?post=65347"},{"taxonomy":"product_cat","embeddable":true,"href":"https:\/\/logistiikkakeskus.net\/kauppa\/wp-json\/wp\/v2\/product_cat?post=65347"},{"taxonomy":"product_tag","embeddable":true,"href":"https:\/\/logistiikkakeskus.net\/kauppa\/wp-json\/wp\/v2\/product_tag?post=65347"}],"curies":[{"name":"wp","href":"https:\/\/api.w.org\/{rel}","templated":true}]}}