{"id":65345,"date":"2022-12-01T08:44:01","date_gmt":"2022-12-01T08:44:01","guid":{"rendered":"https:\/\/logistiikkakeskus.net\/kauppa\/tuote\/ikkunaraapan-vaihtoterat-10-kpl\/"},"modified":"2026-01-20T09:13:43","modified_gmt":"2026-01-20T07:13:43","slug":"ikkunaraapan-vaihtoterat-10-kpl","status":"publish","type":"product","link":"https:\/\/logistiikkakeskus.net\/kauppa\/tuote\/ikkunaraapan-vaihtoterat-10-kpl\/","title":{"rendered":"Ikkunaraapan vaihtoter\u00e4t (5 kpl)"},"content":{"rendered":"<h2>Vaihtoter\u00e4t Ikkunaraappaan, 5 kpl<\/h2>\n<p>Ikkunaraappaan tarkoitetut vaihtoter\u00e4t, jotka ovat partaveitsenter\u00e4v\u00e4\u00e4ter\u00e4st\u00e4, jolla teet todella puhdasta j\u00e4lke\u00e4 tasaisilla pinnoilla.<\/p>\n<ul>\n<li>Ter\u00e4n ty\u00f6leveys 40 mm\n<li>Vaihdettava ter\u00e4 takaa rungolle pitk\u00e4n k\u00e4ytt\u00f6i\u00e4n\n<li>Yhteensopivuus: 15820 Ikkunaraappa (pelkk\u00e4 runko)<\/ul>\n<p><i>Hakusanat: siivoustarvikkeet, siivousv\u00e4lineet,j\u00e4\u00e4skraba,j\u00e4\u00e4skrapa, j\u00e4\u00e4raappa, sikli, lasta, purkkalasta<\/i><\/p>\n","protected":false},"excerpt":{"rendered":"<p>Vaihtoter\u00e4t Ikkunaraappaan, 5 kpl Ikkunaraappaan tarkoitetut vaihtoter\u00e4t, jotka ovat partaveitsenter\u00e4v\u00e4\u00e4ter\u00e4st\u00e4, jolla teet todella puhdasta j\u00e4lke\u00e4 tasaisilla pinnoilla. Ter\u00e4n ty\u00f6leveys 40 mm Vaihdettava ter\u00e4 takaa rungolle pitk\u00e4n k\u00e4ytt\u00f6i\u00e4n Yhteensopivuus: 15820 Ikkunaraappa (pelkk\u00e4 runko) Hakusanat: siivoustarvikkeet, siivousv\u00e4lineet,j\u00e4\u00e4skraba,j\u00e4\u00e4skrapa, j\u00e4\u00e4raappa, sikli, lasta, purkkalasta<\/p>\n","protected":false},"featured_media":100795,"comment_status":"open","ping_status":"closed","template":"","meta":[],"product_brand":[],"product_cat":[3161],"product_tag":[],"class_list":{"0":"post-65345","1":"product","2":"type-product","3":"status-publish","4":"has-post-thumbnail","6":"product_cat-siivousvalineet-ja-tarvikkeet-muut-siivoustarvikkeet-raapat-ja-terat","8":"first","9":"instock","10":"shipping-taxable","11":"purchasable","12":"product-type-simple"},"_links":{"self":[{"href":"https:\/\/logistiikkakeskus.net\/kauppa\/wp-json\/wp\/v2\/product\/65345","targetHints":{"allow":["GET"]}}],"collection":[{"href":"https:\/\/logistiikkakeskus.net\/kauppa\/wp-json\/wp\/v2\/product"}],"about":[{"href":"https:\/\/logistiikkakeskus.net\/kauppa\/wp-json\/wp\/v2\/types\/product"}],"replies":[{"embeddable":true,"href":"https:\/\/logistiikkakeskus.net\/kauppa\/wp-json\/wp\/v2\/comments?post=65345"}],"wp:featuredmedia":[{"embeddable":true,"href":"https:\/\/logistiikkakeskus.net\/kauppa\/wp-json\/wp\/v2\/media\/100795"}],"wp:attachment":[{"href":"https:\/\/logistiikkakeskus.net\/kauppa\/wp-json\/wp\/v2\/media?parent=65345"}],"wp:term":[{"taxonomy":"product_brand","embeddable":true,"href":"https:\/\/logistiikkakeskus.net\/kauppa\/wp-json\/wp\/v2\/product_brand?post=65345"},{"taxonomy":"product_cat","embeddable":true,"href":"https:\/\/logistiikkakeskus.net\/kauppa\/wp-json\/wp\/v2\/product_cat?post=65345"},{"taxonomy":"product_tag","embeddable":true,"href":"https:\/\/logistiikkakeskus.net\/kauppa\/wp-json\/wp\/v2\/product_tag?post=65345"}],"curies":[{"name":"wp","href":"https:\/\/api.w.org\/{rel}","templated":true}]}}