{"id":65343,"date":"2022-12-01T08:44:01","date_gmt":"2022-12-01T08:44:01","guid":{"rendered":"https:\/\/logistiikkakeskus.net\/kauppa\/tuote\/ikkunaraappa-pelkka-runko\/"},"modified":"2026-01-20T09:13:43","modified_gmt":"2026-01-20T07:13:43","slug":"ikkunaraappa-pelkka-runko","status":"publish","type":"product","link":"https:\/\/logistiikkakeskus.net\/kauppa\/tuote\/ikkunaraappa-pelkka-runko\/","title":{"rendered":"Ikkunaraappa (pelkk\u00e4 runko)"},"content":{"rendered":"<h2>Ikkunaraapan runko, metallia <\/h2>\n<p>Metallinen ja monik\u00e4ytt\u00f6inen ikkunaraappa, jolla poistattasaisiltapinnoilta, niin ruuan j\u00e4m\u00e4t, kuivuneet purkat, tarrat kuin j\u00e4\u00e4nkin,tarvittaessa jopa maalipinnan poisto onnistuu.<\/p>\n<ul>\n<li>Alumiinirunkoinen ikkunaraappa (pelkk\u00e4 runko &#8211; eisis\u00e4ll\u00e4 ter\u00e4\u00e4)\n<li>Koko 95 x 45mm\n<li>Sis\u00e4\u00e4nvetomekanismi, ter\u00e4lle &#8211; suojaa ter\u00e4\u00e4 ja taskua\n<li>Vaihdettava ter\u00e4 takaa rungolle pitk\u00e4n k\u00e4ytt\u00f6i\u00e4n.\n<li>Yhteensopivuus: 15825 Ikkunaraapan vaihtoter\u00e4t (10 kpl)<\/ul>\n<p><i>Hakusanat: siivoustarvikkeet, sikli, siivousv\u00e4lineet,j\u00e4\u00e4skraba,j\u00e4\u00e4skrapa, j\u00e4\u00e4raappa, lasta, purkkalasta<\/i><\/p>\n","protected":false},"excerpt":{"rendered":"<p>Ikkunaraapan runko, metallia Metallinen ja monik\u00e4ytt\u00f6inen ikkunaraappa, jolla poistattasaisiltapinnoilta, niin ruuan j\u00e4m\u00e4t, kuivuneet purkat, tarrat kuin j\u00e4\u00e4nkin,tarvittaessa jopa maalipinnan poisto onnistuu. Alumiinirunkoinen ikkunaraappa (pelkk\u00e4 runko &#8211; eisis\u00e4ll\u00e4 ter\u00e4\u00e4) Koko 95 x 45mm Sis\u00e4\u00e4nvetomekanismi, ter\u00e4lle &#8211; suojaa ter\u00e4\u00e4 ja taskua Vaihdettava ter\u00e4 takaa rungolle pitk\u00e4n k\u00e4ytt\u00f6i\u00e4n. Yhteensopivuus: 15825 Ikkunaraapan vaihtoter\u00e4t (10 kpl) Hakusanat: siivoustarvikkeet, sikli, siivousv\u00e4lineet,j\u00e4\u00e4skraba,j\u00e4\u00e4skrapa, [&hellip;]<\/p>\n","protected":false},"featured_media":100794,"comment_status":"open","ping_status":"closed","template":"","meta":[],"product_brand":[],"product_cat":[3161],"product_tag":[],"class_list":{"0":"post-65343","1":"product","2":"type-product","3":"status-publish","4":"has-post-thumbnail","6":"product_cat-siivousvalineet-ja-tarvikkeet-muut-siivoustarvikkeet-raapat-ja-terat","8":"first","9":"instock","10":"shipping-taxable","11":"purchasable","12":"product-type-simple"},"_links":{"self":[{"href":"https:\/\/logistiikkakeskus.net\/kauppa\/wp-json\/wp\/v2\/product\/65343","targetHints":{"allow":["GET"]}}],"collection":[{"href":"https:\/\/logistiikkakeskus.net\/kauppa\/wp-json\/wp\/v2\/product"}],"about":[{"href":"https:\/\/logistiikkakeskus.net\/kauppa\/wp-json\/wp\/v2\/types\/product"}],"replies":[{"embeddable":true,"href":"https:\/\/logistiikkakeskus.net\/kauppa\/wp-json\/wp\/v2\/comments?post=65343"}],"wp:featuredmedia":[{"embeddable":true,"href":"https:\/\/logistiikkakeskus.net\/kauppa\/wp-json\/wp\/v2\/media\/100794"}],"wp:attachment":[{"href":"https:\/\/logistiikkakeskus.net\/kauppa\/wp-json\/wp\/v2\/media?parent=65343"}],"wp:term":[{"taxonomy":"product_brand","embeddable":true,"href":"https:\/\/logistiikkakeskus.net\/kauppa\/wp-json\/wp\/v2\/product_brand?post=65343"},{"taxonomy":"product_cat","embeddable":true,"href":"https:\/\/logistiikkakeskus.net\/kauppa\/wp-json\/wp\/v2\/product_cat?post=65343"},{"taxonomy":"product_tag","embeddable":true,"href":"https:\/\/logistiikkakeskus.net\/kauppa\/wp-json\/wp\/v2\/product_tag?post=65343"}],"curies":[{"name":"wp","href":"https:\/\/api.w.org\/{rel}","templated":true}]}}