{"id":65340,"date":"2022-12-01T08:44:00","date_gmt":"2022-12-01T08:44:00","guid":{"rendered":"https:\/\/logistiikkakeskus.net\/kauppa\/tuote\/kuivausteline-sini-ted-hopea\/"},"modified":"2026-01-20T09:13:43","modified_gmt":"2026-01-20T07:13:43","slug":"kuivausteline-sini-ted-hopea","status":"publish","type":"product","link":"https:\/\/logistiikkakeskus.net\/kauppa\/tuote\/kuivausteline-sini-ted-hopea\/","title":{"rendered":"Kuivausteline Sini Ted Hopea"},"content":{"rendered":"<p>N\u00e4pp\u00e4r\u00e4ss\u00e4 Ted-kuivaustelineess\u00e4 on yhdeks\u00e4n metri\u00e4 kuivaustilaa, muttase mahtuu silti pieniinkin tiloihin. Telineen voi pyykkeineen nostaamy\u00f6s kylpyammeeseen, sill\u00e4 sen jaloissa on muovitulpat suojaamassapintojen naarmuuntumista. Helposti kasattava teline on helppo s\u00e4ilytt\u00e4\u00e4ahtaissakin tiloissa. Koko: 54 x 90 cm, korkeus 83,5 cm. Kuivaustilaa 9m.<\/p>\n","protected":false},"excerpt":{"rendered":"<p>N\u00e4pp\u00e4r\u00e4ss\u00e4 Ted-kuivaustelineess\u00e4 on yhdeks\u00e4n metri\u00e4 kuivaustilaa, muttase mahtuu silti pieniinkin tiloihin. Telineen voi pyykkeineen nostaamy\u00f6s kylpyammeeseen, sill\u00e4 sen jaloissa on muovitulpat suojaamassapintojen naarmuuntumista. Helposti kasattava teline on helppo s\u00e4ilytt\u00e4\u00e4ahtaissakin tiloissa. Koko: 54 x 90 cm, korkeus 83,5 cm. Kuivaustilaa 9m.<\/p>\n","protected":false},"featured_media":100792,"comment_status":"open","ping_status":"closed","template":"","meta":[],"product_brand":[],"product_cat":[3160],"product_tag":[],"class_list":{"0":"post-65340","1":"product","2":"type-product","3":"status-publish","4":"has-post-thumbnail","6":"product_cat-siivousvalineet-ja-tarvikkeet-muut-siivoustarvikkeet-siivousvalineiden-huoltotarvikkeet","8":"first","9":"instock","10":"shipping-taxable","11":"purchasable","12":"product-type-simple"},"_links":{"self":[{"href":"https:\/\/logistiikkakeskus.net\/kauppa\/wp-json\/wp\/v2\/product\/65340","targetHints":{"allow":["GET"]}}],"collection":[{"href":"https:\/\/logistiikkakeskus.net\/kauppa\/wp-json\/wp\/v2\/product"}],"about":[{"href":"https:\/\/logistiikkakeskus.net\/kauppa\/wp-json\/wp\/v2\/types\/product"}],"replies":[{"embeddable":true,"href":"https:\/\/logistiikkakeskus.net\/kauppa\/wp-json\/wp\/v2\/comments?post=65340"}],"wp:featuredmedia":[{"embeddable":true,"href":"https:\/\/logistiikkakeskus.net\/kauppa\/wp-json\/wp\/v2\/media\/100792"}],"wp:attachment":[{"href":"https:\/\/logistiikkakeskus.net\/kauppa\/wp-json\/wp\/v2\/media?parent=65340"}],"wp:term":[{"taxonomy":"product_brand","embeddable":true,"href":"https:\/\/logistiikkakeskus.net\/kauppa\/wp-json\/wp\/v2\/product_brand?post=65340"},{"taxonomy":"product_cat","embeddable":true,"href":"https:\/\/logistiikkakeskus.net\/kauppa\/wp-json\/wp\/v2\/product_cat?post=65340"},{"taxonomy":"product_tag","embeddable":true,"href":"https:\/\/logistiikkakeskus.net\/kauppa\/wp-json\/wp\/v2\/product_tag?post=65340"}],"curies":[{"name":"wp","href":"https:\/\/api.w.org\/{rel}","templated":true}]}}