{"id":65167,"date":"2022-12-01T08:43:09","date_gmt":"2022-12-01T08:43:09","guid":{"rendered":"https:\/\/logistiikkakeskus.net\/kauppa\/tuote\/liankeruu-suojamatto-120-x-180-cm\/"},"modified":"2025-10-15T10:12:51","modified_gmt":"2025-10-15T07:12:51","slug":"liankeruu-suojamatto-120-x-180-cm","status":"publish","type":"product","link":"https:\/\/logistiikkakeskus.net\/kauppa\/tuote\/liankeruu-suojamatto-120-x-180-cm\/","title":{"rendered":"Liankeruu-\/suojamatto 120 x 180 cm"},"content":{"rendered":"<h2>Kertak\u00e4ytt\u00f6inen liankeruumatto Corrimat 120 x 180 cm<\/h2>\n<p>Monik\u00e4ytt\u00f6inen suojamatto, joka kelpaa niin nesteenimeytykseen, lianker\u00e4\u00e4miseen kuin tilap\u00e4issuojaukseenkin.<\/p>\n<ul>\n<li>Valmiiksi leikattu monik\u00e4ytt\u00f6mattolian ja kosteudenimeytykseen\n<li>Takapuolella muovilaminointi, joka est\u00e4\u00e4 kosteuden etenemisen\n<li>Imee moninkertaisesti oman painonsa verran nestett\u00e4<\/ul>\n<p><i>Hakusanat: siivoustarvikkeet, siivousv\u00e4lineet,nesteenkeruumatto,imeytysmatto,  remonttimatto, maalausmatto, eteismatto,  muovikalvo,suojapressu, tuulikaappimatto<\/i><\/p>\n","protected":false},"excerpt":{"rendered":"<p>Kertak\u00e4ytt\u00f6inen liankeruumatto Corrimat 120 x 180 cm Monik\u00e4ytt\u00f6inen suojamatto, joka kelpaa niin nesteenimeytykseen, lianker\u00e4\u00e4miseen kuin tilap\u00e4issuojaukseenkin. Valmiiksi leikattu monik\u00e4ytt\u00f6mattolian ja kosteudenimeytykseen Takapuolella muovilaminointi, joka est\u00e4\u00e4 kosteuden etenemisen Imee moninkertaisesti oman painonsa verran nestett\u00e4 Hakusanat: siivoustarvikkeet, siivousv\u00e4lineet,nesteenkeruumatto,imeytysmatto, remonttimatto, maalausmatto, eteismatto, muovikalvo,suojapressu, tuulikaappimatto<\/p>\n","protected":false},"featured_media":0,"comment_status":"open","ping_status":"closed","template":"","meta":[],"product_brand":[],"product_cat":[3141],"product_tag":[],"class_list":{"0":"post-65167","1":"product","2":"type-product","3":"status-publish","5":"product_cat-siivousvalineet-ja-tarvikkeet-siivouspyyhkeet-kertakayttoiset-siivouspyyhkeet","7":"first","8":"instock","9":"shipping-taxable","10":"purchasable","11":"product-type-simple"},"_links":{"self":[{"href":"https:\/\/logistiikkakeskus.net\/kauppa\/wp-json\/wp\/v2\/product\/65167","targetHints":{"allow":["GET"]}}],"collection":[{"href":"https:\/\/logistiikkakeskus.net\/kauppa\/wp-json\/wp\/v2\/product"}],"about":[{"href":"https:\/\/logistiikkakeskus.net\/kauppa\/wp-json\/wp\/v2\/types\/product"}],"replies":[{"embeddable":true,"href":"https:\/\/logistiikkakeskus.net\/kauppa\/wp-json\/wp\/v2\/comments?post=65167"}],"wp:attachment":[{"href":"https:\/\/logistiikkakeskus.net\/kauppa\/wp-json\/wp\/v2\/media?parent=65167"}],"wp:term":[{"taxonomy":"product_brand","embeddable":true,"href":"https:\/\/logistiikkakeskus.net\/kauppa\/wp-json\/wp\/v2\/product_brand?post=65167"},{"taxonomy":"product_cat","embeddable":true,"href":"https:\/\/logistiikkakeskus.net\/kauppa\/wp-json\/wp\/v2\/product_cat?post=65167"},{"taxonomy":"product_tag","embeddable":true,"href":"https:\/\/logistiikkakeskus.net\/kauppa\/wp-json\/wp\/v2\/product_tag?post=65167"}],"curies":[{"name":"wp","href":"https:\/\/api.w.org\/{rel}","templated":true}]}}