{"id":65163,"date":"2022-12-01T08:43:08","date_gmt":"2022-12-01T08:43:08","guid":{"rendered":"https:\/\/logistiikkakeskus.net\/kauppa\/tuote\/siivousliina-40-x-60-cm-kertak\/"},"modified":"2026-01-20T09:13:36","modified_gmt":"2026-01-20T07:13:36","slug":"siivousliina-40-x-60-cm-kertak","status":"publish","type":"product","link":"https:\/\/logistiikkakeskus.net\/kauppa\/tuote\/siivousliina-40-x-60-cm-kertak\/","title":{"rendered":"Siivousliina 40 x 60 cm, kertak"},"content":{"rendered":"<p>Myyntiyksikk\u00f6 LTK (463 kpl)<\/p>\n<h2>Vesineulattu siivousliina 40 x 60 cm, kertak\u00e4ytt\u00f6inen<\/h2>\n<p>Kertak\u00e4ytt\u00f6inen, vesineulattu kuituliina, joka sopii kokonsajohdostaerityisesti hammashuollon tarpeisiin.<\/p>\n<ul>\n<li>Kertak\u00e4ytt\u00f6liina on harsomaista kuitukangasta, johon lika jap\u00f6lytarttuu hyvin\n<li>Valmistusmateriaalit 50% viskoosia \/ 50% PET\n<li>Materiaalipaksuus (paino): 45g\/m2\n<li>Ymp\u00e4rist\u00f6yst\u00e4v\u00e4llinen energiaj\u00e4te<\/ul>\n<p><i>Hakusanat: siivoustarvikkeet, siivousv\u00e4lineet,siivousliina,henkil\u00f6kohtainen hygienia,VASTUULLINEN, desinfektio<\/i><\/p>\n","protected":false},"excerpt":{"rendered":"<p>Myyntiyksikk\u00f6 LTK (463 kpl) Vesineulattu siivousliina 40 x 60 cm, kertak\u00e4ytt\u00f6inen Kertak\u00e4ytt\u00f6inen, vesineulattu kuituliina, joka sopii kokonsajohdostaerityisesti hammashuollon tarpeisiin. Kertak\u00e4ytt\u00f6liina on harsomaista kuitukangasta, johon lika jap\u00f6lytarttuu hyvin Valmistusmateriaalit 50% viskoosia \/ 50% PET Materiaalipaksuus (paino): 45g\/m2 Ymp\u00e4rist\u00f6yst\u00e4v\u00e4llinen energiaj\u00e4te Hakusanat: siivoustarvikkeet, siivousv\u00e4lineet,siivousliina,henkil\u00f6kohtainen hygienia,VASTUULLINEN, desinfektio<\/p>\n","protected":false},"featured_media":100697,"comment_status":"open","ping_status":"closed","template":"","meta":[],"product_brand":[],"product_cat":[3141],"product_tag":[],"class_list":{"0":"post-65163","1":"product","2":"type-product","3":"status-publish","4":"has-post-thumbnail","6":"product_cat-siivousvalineet-ja-tarvikkeet-siivouspyyhkeet-kertakayttoiset-siivouspyyhkeet","8":"first","9":"instock","10":"shipping-taxable","11":"purchasable","12":"product-type-simple"},"_links":{"self":[{"href":"https:\/\/logistiikkakeskus.net\/kauppa\/wp-json\/wp\/v2\/product\/65163","targetHints":{"allow":["GET"]}}],"collection":[{"href":"https:\/\/logistiikkakeskus.net\/kauppa\/wp-json\/wp\/v2\/product"}],"about":[{"href":"https:\/\/logistiikkakeskus.net\/kauppa\/wp-json\/wp\/v2\/types\/product"}],"replies":[{"embeddable":true,"href":"https:\/\/logistiikkakeskus.net\/kauppa\/wp-json\/wp\/v2\/comments?post=65163"}],"wp:featuredmedia":[{"embeddable":true,"href":"https:\/\/logistiikkakeskus.net\/kauppa\/wp-json\/wp\/v2\/media\/100697"}],"wp:attachment":[{"href":"https:\/\/logistiikkakeskus.net\/kauppa\/wp-json\/wp\/v2\/media?parent=65163"}],"wp:term":[{"taxonomy":"product_brand","embeddable":true,"href":"https:\/\/logistiikkakeskus.net\/kauppa\/wp-json\/wp\/v2\/product_brand?post=65163"},{"taxonomy":"product_cat","embeddable":true,"href":"https:\/\/logistiikkakeskus.net\/kauppa\/wp-json\/wp\/v2\/product_cat?post=65163"},{"taxonomy":"product_tag","embeddable":true,"href":"https:\/\/logistiikkakeskus.net\/kauppa\/wp-json\/wp\/v2\/product_tag?post=65163"}],"curies":[{"name":"wp","href":"https:\/\/api.w.org\/{rel}","templated":true}]}}