{"id":65121,"date":"2022-12-01T08:42:56","date_gmt":"2022-12-01T08:42:56","guid":{"rendered":"https:\/\/logistiikkakeskus.net\/kauppa\/tuote\/geo-lajittelukansi-pyorea-keltainen\/"},"modified":"2026-01-20T09:13:34","modified_gmt":"2026-01-20T07:13:34","slug":"geo-lajittelukansi-pyorea-keltainen","status":"publish","type":"product","link":"https:\/\/logistiikkakeskus.net\/kauppa\/tuote\/geo-lajittelukansi-pyorea-keltainen\/","title":{"rendered":"Geo-lajittelukansi, py\u00f6re\u00e4 (keltainen)"},"content":{"rendered":"<h2>Geo-j\u00e4teastian lajittelukansi, py\u00f6re\u00e4 (keltainen)<\/h2>\n<p>Keltainen lajittelukansi 55 ja 70 litran Geo-j\u00e4teastioille.<\/p>\n<p><i>hakusanat: roskakorit, roskis, roska, j\u00e4teastia,roska-astia,roskikset, lajittelu<\/i><\/p>\n","protected":false},"excerpt":{"rendered":"<p>Geo-j\u00e4teastian lajittelukansi, py\u00f6re\u00e4 (keltainen) Keltainen lajittelukansi 55 ja 70 litran Geo-j\u00e4teastioille. hakusanat: roskakorit, roskis, roska, j\u00e4teastia,roska-astia,roskikset, lajittelu<\/p>\n","protected":false},"featured_media":100678,"comment_status":"open","ping_status":"closed","template":"","meta":[],"product_brand":[],"product_cat":[3138],"product_tag":[],"class_list":{"0":"post-65121","1":"product","2":"type-product","3":"status-publish","4":"has-post-thumbnail","6":"product_cat-siivousvalineet-ja-tarvikkeet-jateastiat-muut-jateastiat-ja-tarvikkeet","8":"first","9":"instock","10":"shipping-taxable","11":"purchasable","12":"product-type-simple"},"_links":{"self":[{"href":"https:\/\/logistiikkakeskus.net\/kauppa\/wp-json\/wp\/v2\/product\/65121","targetHints":{"allow":["GET"]}}],"collection":[{"href":"https:\/\/logistiikkakeskus.net\/kauppa\/wp-json\/wp\/v2\/product"}],"about":[{"href":"https:\/\/logistiikkakeskus.net\/kauppa\/wp-json\/wp\/v2\/types\/product"}],"replies":[{"embeddable":true,"href":"https:\/\/logistiikkakeskus.net\/kauppa\/wp-json\/wp\/v2\/comments?post=65121"}],"wp:featuredmedia":[{"embeddable":true,"href":"https:\/\/logistiikkakeskus.net\/kauppa\/wp-json\/wp\/v2\/media\/100678"}],"wp:attachment":[{"href":"https:\/\/logistiikkakeskus.net\/kauppa\/wp-json\/wp\/v2\/media?parent=65121"}],"wp:term":[{"taxonomy":"product_brand","embeddable":true,"href":"https:\/\/logistiikkakeskus.net\/kauppa\/wp-json\/wp\/v2\/product_brand?post=65121"},{"taxonomy":"product_cat","embeddable":true,"href":"https:\/\/logistiikkakeskus.net\/kauppa\/wp-json\/wp\/v2\/product_cat?post=65121"},{"taxonomy":"product_tag","embeddable":true,"href":"https:\/\/logistiikkakeskus.net\/kauppa\/wp-json\/wp\/v2\/product_tag?post=65121"}],"curies":[{"name":"wp","href":"https:\/\/api.w.org\/{rel}","templated":true}]}}