{"id":65119,"date":"2022-12-01T08:42:56","date_gmt":"2022-12-01T08:42:56","guid":{"rendered":"https:\/\/logistiikkakeskus.net\/kauppa\/tuote\/geo-kansi-paperinkerays-sininen\/"},"modified":"2026-01-20T09:13:34","modified_gmt":"2026-01-20T07:13:34","slug":"geo-kansi-paperinkerays-sininen","status":"publish","type":"product","link":"https:\/\/logistiikkakeskus.net\/kauppa\/tuote\/geo-kansi-paperinkerays-sininen\/","title":{"rendered":"Geo-kansi, paperinker\u00e4ys (sininen)"},"content":{"rendered":"<h2>Geo-j\u00e4teastian kansi, paperinker\u00e4ys (sininen)<\/h2>\n<p>Paperinker\u00e4yskansi 55 ja 70 litran Geo-j\u00e4teastioille.<\/p>\n<p><i>hakusanat: roskakorit, roskis, roska, j\u00e4teastia,roska-astia,roskikset, lajittelu<\/i><\/p>\n","protected":false},"excerpt":{"rendered":"<p>Geo-j\u00e4teastian kansi, paperinker\u00e4ys (sininen) Paperinker\u00e4yskansi 55 ja 70 litran Geo-j\u00e4teastioille. hakusanat: roskakorit, roskis, roska, j\u00e4teastia,roska-astia,roskikset, lajittelu<\/p>\n","protected":false},"featured_media":100677,"comment_status":"open","ping_status":"closed","template":"","meta":[],"product_brand":[],"product_cat":[3138],"product_tag":[],"class_list":{"0":"post-65119","1":"product","2":"type-product","3":"status-publish","4":"has-post-thumbnail","6":"product_cat-siivousvalineet-ja-tarvikkeet-jateastiat-muut-jateastiat-ja-tarvikkeet","8":"first","9":"instock","10":"shipping-taxable","11":"purchasable","12":"product-type-simple"},"_links":{"self":[{"href":"https:\/\/logistiikkakeskus.net\/kauppa\/wp-json\/wp\/v2\/product\/65119","targetHints":{"allow":["GET"]}}],"collection":[{"href":"https:\/\/logistiikkakeskus.net\/kauppa\/wp-json\/wp\/v2\/product"}],"about":[{"href":"https:\/\/logistiikkakeskus.net\/kauppa\/wp-json\/wp\/v2\/types\/product"}],"replies":[{"embeddable":true,"href":"https:\/\/logistiikkakeskus.net\/kauppa\/wp-json\/wp\/v2\/comments?post=65119"}],"wp:featuredmedia":[{"embeddable":true,"href":"https:\/\/logistiikkakeskus.net\/kauppa\/wp-json\/wp\/v2\/media\/100677"}],"wp:attachment":[{"href":"https:\/\/logistiikkakeskus.net\/kauppa\/wp-json\/wp\/v2\/media?parent=65119"}],"wp:term":[{"taxonomy":"product_brand","embeddable":true,"href":"https:\/\/logistiikkakeskus.net\/kauppa\/wp-json\/wp\/v2\/product_brand?post=65119"},{"taxonomy":"product_cat","embeddable":true,"href":"https:\/\/logistiikkakeskus.net\/kauppa\/wp-json\/wp\/v2\/product_cat?post=65119"},{"taxonomy":"product_tag","embeddable":true,"href":"https:\/\/logistiikkakeskus.net\/kauppa\/wp-json\/wp\/v2\/product_tag?post=65119"}],"curies":[{"name":"wp","href":"https:\/\/api.w.org\/{rel}","templated":true}]}}