{"id":65117,"date":"2022-12-01T08:42:55","date_gmt":"2022-12-01T08:42:55","guid":{"rendered":"https:\/\/logistiikkakeskus.net\/kauppa\/tuote\/geo-kansi-kadensijalla-harmaa\/"},"modified":"2026-01-20T09:13:34","modified_gmt":"2026-01-20T07:13:34","slug":"geo-kansi-kadensijalla-harmaa","status":"publish","type":"product","link":"https:\/\/logistiikkakeskus.net\/kauppa\/tuote\/geo-kansi-kadensijalla-harmaa\/","title":{"rendered":"Geo-kansi k\u00e4densijalla (harmaa)"},"content":{"rendered":"<h2>Geo-j\u00e4teastian kansi k\u00e4densijalla (harmaa)<\/h2>\n<p>K\u00e4densijallinen kansi 55 ja 70 litran Geo-j\u00e4teastioille.<\/p>\n<p><i>hakusanat: roskakorit, roskis, roska, j\u00e4teastia,roska-astia,roskikset, lajittelu<\/i><\/p>\n","protected":false},"excerpt":{"rendered":"<p>Geo-j\u00e4teastian kansi k\u00e4densijalla (harmaa) K\u00e4densijallinen kansi 55 ja 70 litran Geo-j\u00e4teastioille. hakusanat: roskakorit, roskis, roska, j\u00e4teastia,roska-astia,roskikset, lajittelu<\/p>\n","protected":false},"featured_media":100676,"comment_status":"open","ping_status":"closed","template":"","meta":[],"product_brand":[],"product_cat":[3138],"product_tag":[],"class_list":{"0":"post-65117","1":"product","2":"type-product","3":"status-publish","4":"has-post-thumbnail","6":"product_cat-siivousvalineet-ja-tarvikkeet-jateastiat-muut-jateastiat-ja-tarvikkeet","8":"first","9":"instock","10":"shipping-taxable","11":"purchasable","12":"product-type-simple"},"_links":{"self":[{"href":"https:\/\/logistiikkakeskus.net\/kauppa\/wp-json\/wp\/v2\/product\/65117","targetHints":{"allow":["GET"]}}],"collection":[{"href":"https:\/\/logistiikkakeskus.net\/kauppa\/wp-json\/wp\/v2\/product"}],"about":[{"href":"https:\/\/logistiikkakeskus.net\/kauppa\/wp-json\/wp\/v2\/types\/product"}],"replies":[{"embeddable":true,"href":"https:\/\/logistiikkakeskus.net\/kauppa\/wp-json\/wp\/v2\/comments?post=65117"}],"wp:featuredmedia":[{"embeddable":true,"href":"https:\/\/logistiikkakeskus.net\/kauppa\/wp-json\/wp\/v2\/media\/100676"}],"wp:attachment":[{"href":"https:\/\/logistiikkakeskus.net\/kauppa\/wp-json\/wp\/v2\/media?parent=65117"}],"wp:term":[{"taxonomy":"product_brand","embeddable":true,"href":"https:\/\/logistiikkakeskus.net\/kauppa\/wp-json\/wp\/v2\/product_brand?post=65117"},{"taxonomy":"product_cat","embeddable":true,"href":"https:\/\/logistiikkakeskus.net\/kauppa\/wp-json\/wp\/v2\/product_cat?post=65117"},{"taxonomy":"product_tag","embeddable":true,"href":"https:\/\/logistiikkakeskus.net\/kauppa\/wp-json\/wp\/v2\/product_tag?post=65117"}],"curies":[{"name":"wp","href":"https:\/\/api.w.org\/{rel}","templated":true}]}}