{"id":65113,"date":"2022-12-01T08:42:54","date_gmt":"2022-12-01T08:42:54","guid":{"rendered":"https:\/\/logistiikkakeskus.net\/kauppa\/tuote\/geo-jateastia-55-litraa\/"},"modified":"2026-01-20T09:13:34","modified_gmt":"2026-01-20T07:13:34","slug":"geo-jateastia-55-litraa","status":"publish","type":"product","link":"https:\/\/logistiikkakeskus.net\/kauppa\/tuote\/geo-jateastia-55-litraa\/","title":{"rendered":"Geo-j\u00e4teastia, 55 litraa"},"content":{"rendered":"<h2>Wileda Geo J\u00e4teastia, 55 litraa<\/h2>\n<p>Geo on joustava ratkaisu j\u00e4tehuolto- ja lajittelutarpeisiisi.Uudenlainen yhdistelm\u00e4materiaali (muovin kest\u00e4vyys ja keveys sek\u00e4metallin tyylik\u00e4s ulkon\u00e4k\u00f6) tarjoaa j\u00e4teastian, joka on helppo pit\u00e4\u00e4puhtaana &#8211; ei ruostu eik\u00e4 vahingoitu helposti. Astiaan on saatavillauseita erityyppiseen lajitteluun soveltuvia v\u00e4rikoodattuja kansia sek\u00e4kuljetusalusta helpottamaan astioiden siirt\u00e4mist\u00e4.<\/p>\n<p><b>Ominaisuudet:<\/b><\/p>\n<ul>\n<li>Kest\u00e4v\u00e4 muovirakenne, metalloidulla pinnalla\n<li>Ei ruostu tai kolhiinnu eik\u00e4 pintaan j\u00e4\u00e4 sormenj\u00e4lki\u00e4\n<li>Pesunkest\u00e4v\u00e4 ja helppo pit\u00e4\u00e4 puhtaana\n<li>Integroitu kantokahva &#8211; helppo nostaa ja kantaa\n<li>Integroitu j\u00e4tes\u00e4kinpidin &#8211; varmistaa j\u00e4tes\u00e4kin sopivuuden\n<li>Pit\u00e4v\u00e4t kumitassut\n<li>Saatavilla valikoima v\u00e4rikoodattuja lajittelukansia sek\u00e4umpikansikahvalla kuljetusta varten.\n<li>Mitat (LxPxK): 29 x 49 x 61 cm<\/ul>\n<p><i>hakusanat: roskakorit, roskis, roska, j\u00e4teastia,roska-<\/p>\n","protected":false},"excerpt":{"rendered":"<p>Wileda Geo J\u00e4teastia, 55 litraa Geo on joustava ratkaisu j\u00e4tehuolto- ja lajittelutarpeisiisi.Uudenlainen yhdistelm\u00e4materiaali (muovin kest\u00e4vyys ja keveys sek\u00e4metallin tyylik\u00e4s ulkon\u00e4k\u00f6) tarjoaa j\u00e4teastian, joka on helppo pit\u00e4\u00e4puhtaana &#8211; ei ruostu eik\u00e4 vahingoitu helposti. Astiaan on saatavillauseita erityyppiseen lajitteluun soveltuvia v\u00e4rikoodattuja kansia sek\u00e4kuljetusalusta helpottamaan astioiden siirt\u00e4mist\u00e4. Ominaisuudet: Kest\u00e4v\u00e4 muovirakenne, metalloidulla pinnalla Ei ruostu tai kolhiinnu eik\u00e4 pintaan [&hellip;]<\/p>\n","protected":false},"featured_media":100674,"comment_status":"open","ping_status":"closed","template":"","meta":[],"product_brand":[],"product_cat":[3138],"product_tag":[],"class_list":{"0":"post-65113","1":"product","2":"type-product","3":"status-publish","4":"has-post-thumbnail","6":"product_cat-siivousvalineet-ja-tarvikkeet-jateastiat-muut-jateastiat-ja-tarvikkeet","8":"first","9":"instock","10":"shipping-taxable","11":"purchasable","12":"product-type-simple"},"_links":{"self":[{"href":"https:\/\/logistiikkakeskus.net\/kauppa\/wp-json\/wp\/v2\/product\/65113","targetHints":{"allow":["GET"]}}],"collection":[{"href":"https:\/\/logistiikkakeskus.net\/kauppa\/wp-json\/wp\/v2\/product"}],"about":[{"href":"https:\/\/logistiikkakeskus.net\/kauppa\/wp-json\/wp\/v2\/types\/product"}],"replies":[{"embeddable":true,"href":"https:\/\/logistiikkakeskus.net\/kauppa\/wp-json\/wp\/v2\/comments?post=65113"}],"wp:featuredmedia":[{"embeddable":true,"href":"https:\/\/logistiikkakeskus.net\/kauppa\/wp-json\/wp\/v2\/media\/100674"}],"wp:attachment":[{"href":"https:\/\/logistiikkakeskus.net\/kauppa\/wp-json\/wp\/v2\/media?parent=65113"}],"wp:term":[{"taxonomy":"product_brand","embeddable":true,"href":"https:\/\/logistiikkakeskus.net\/kauppa\/wp-json\/wp\/v2\/product_brand?post=65113"},{"taxonomy":"product_cat","embeddable":true,"href":"https:\/\/logistiikkakeskus.net\/kauppa\/wp-json\/wp\/v2\/product_cat?post=65113"},{"taxonomy":"product_tag","embeddable":true,"href":"https:\/\/logistiikkakeskus.net\/kauppa\/wp-json\/wp\/v2\/product_tag?post=65113"}],"curies":[{"name":"wp","href":"https:\/\/api.w.org\/{rel}","templated":true}]}}