{"id":65111,"date":"2022-12-01T08:42:54","date_gmt":"2022-12-01T08:42:54","guid":{"rendered":"https:\/\/logistiikkakeskus.net\/kauppa\/tuote\/lajitteluvaunu-3-os-paperille\/"},"modified":"2026-01-20T09:13:33","modified_gmt":"2026-01-20T07:13:33","slug":"lajitteluvaunu-3-os-paperille","status":"publish","type":"product","link":"https:\/\/logistiikkakeskus.net\/kauppa\/tuote\/lajitteluvaunu-3-os-paperille\/","title":{"rendered":"Lajitteluvaunu 3-os. paperille"},"content":{"rendered":"<h2>Paperinlajitteluvaunu Rekola R-Eco1, 3-osainen <\/h2>\n<p>Ty\u00f6p\u00f6yd\u00e4nalle menev\u00e4 3-laatikkoinen toimistoj\u00e4tteen lajitteluvaunu, johonlajitteletk\u00e4tev\u00e4sti kaikki toimiston j\u00e4tepaperit kolmeen eri  lokeroon.<\/p>\n<ul><b >Ominaisuudet<\/b><\/p>\n<li>3-osainen  lajitteluvaunu,vedenpit\u00e4vill\u00e4 muovikoteloilla\n<li>Ei vaati erillisi\u00e4 roskapussejasuojakseen\n<li> Ergonomiaa lis\u00e4\u00e4v\u00e4t tartuntakahva ja py\u00f6r\u00e4t\n<li> Vaununmitat 430 x 300 mm, korkeus 450mm\n<li> Laatikon koko 360 x 140mm, korkeus370 mm\n<li> Lis\u00e4laatikoita saa tavissa varaosana <b>(ei login valikoimassa)<\/b><\/ul>\n<p><i>Toimittajan tuotenro. R-Eco1 Rekola<br \/>hakusanat: roskakorit, paperikorit, lajitteluvaunut<\/i><\/p>\n","protected":false},"excerpt":{"rendered":"<p>Paperinlajitteluvaunu Rekola R-Eco1, 3-osainen Ty\u00f6p\u00f6yd\u00e4nalle menev\u00e4 3-laatikkoinen toimistoj\u00e4tteen lajitteluvaunu, johonlajitteletk\u00e4tev\u00e4sti kaikki toimiston j\u00e4tepaperit kolmeen eri lokeroon. Ominaisuudet 3-osainen lajitteluvaunu,vedenpit\u00e4vill\u00e4 muovikoteloilla Ei vaati erillisi\u00e4 roskapussejasuojakseen Ergonomiaa lis\u00e4\u00e4v\u00e4t tartuntakahva ja py\u00f6r\u00e4t Vaununmitat 430 x 300 mm, korkeus 450mm Laatikon koko 360 x 140mm, korkeus370 mm Lis\u00e4laatikoita saa tavissa varaosana (ei login valikoimassa) Toimittajan tuotenro. R-Eco1 Rekolahakusanat: roskakorit, [&hellip;]<\/p>\n","protected":false},"featured_media":100673,"comment_status":"open","ping_status":"closed","template":"","meta":[],"product_brand":[],"product_cat":[3138],"product_tag":[],"class_list":{"0":"post-65111","1":"product","2":"type-product","3":"status-publish","4":"has-post-thumbnail","6":"product_cat-siivousvalineet-ja-tarvikkeet-jateastiat-muut-jateastiat-ja-tarvikkeet","8":"first","9":"instock","10":"shipping-taxable","11":"purchasable","12":"product-type-simple"},"_links":{"self":[{"href":"https:\/\/logistiikkakeskus.net\/kauppa\/wp-json\/wp\/v2\/product\/65111","targetHints":{"allow":["GET"]}}],"collection":[{"href":"https:\/\/logistiikkakeskus.net\/kauppa\/wp-json\/wp\/v2\/product"}],"about":[{"href":"https:\/\/logistiikkakeskus.net\/kauppa\/wp-json\/wp\/v2\/types\/product"}],"replies":[{"embeddable":true,"href":"https:\/\/logistiikkakeskus.net\/kauppa\/wp-json\/wp\/v2\/comments?post=65111"}],"wp:featuredmedia":[{"embeddable":true,"href":"https:\/\/logistiikkakeskus.net\/kauppa\/wp-json\/wp\/v2\/media\/100673"}],"wp:attachment":[{"href":"https:\/\/logistiikkakeskus.net\/kauppa\/wp-json\/wp\/v2\/media?parent=65111"}],"wp:term":[{"taxonomy":"product_brand","embeddable":true,"href":"https:\/\/logistiikkakeskus.net\/kauppa\/wp-json\/wp\/v2\/product_brand?post=65111"},{"taxonomy":"product_cat","embeddable":true,"href":"https:\/\/logistiikkakeskus.net\/kauppa\/wp-json\/wp\/v2\/product_cat?post=65111"},{"taxonomy":"product_tag","embeddable":true,"href":"https:\/\/logistiikkakeskus.net\/kauppa\/wp-json\/wp\/v2\/product_tag?post=65111"}],"curies":[{"name":"wp","href":"https:\/\/api.w.org\/{rel}","templated":true}]}}