{"id":65109,"date":"2022-12-01T08:42:53","date_gmt":"2022-12-01T08:42:53","guid":{"rendered":"https:\/\/logistiikkakeskus.net\/kauppa\/tuote\/poljinroska-astia-20l-kromi\/"},"modified":"2026-01-20T09:13:33","modified_gmt":"2026-01-20T07:13:33","slug":"poljinroska-astia-20l-kromi","status":"publish","type":"product","link":"https:\/\/logistiikkakeskus.net\/kauppa\/tuote\/poljinroska-astia-20l-kromi\/","title":{"rendered":"Poljinroska-astia 20l, kromi"},"content":{"rendered":"<h2>Rosteriter\u00e4ksinen poljinroska-astia 20 litraa,  sis\u00e4astialla<\/h2>\n<p>Tyylik\u00e4s ja j\u00e4m\u00e4kk\u00e4 poljinroska-kori tiloihin miss\u00e4 tiivis,turvallinen ja siisti roskakori on tarpeen.<\/p>\n<ul><b>Ominaisuudet<\/b><\/p>\n<li>Metallinen roska-astia,  poljinmekanismilla\n<li>Tuotteen sis\u00e4tilavuuson 20  litraa\n<li>Astian korkeus 440 mm ja l\u00e4pimitta 290  mm\n<li>Sis\u00e4puolella irrotettava sis\u00e4astia kantokahvalla\n<li>Hiljainenpoljinmekanismi ilmatiiviill\u00e4 kannella\n<li>Astia on krominv\u00e4rist\u00e4metallia<\/ul>\n<p><i> Toimittajan tuotenro. 6568A20Z Clean import<br \/>hakusanat: poljinroska\u00e4mp\u00e4rit, roskis, roskakorit,  poljinroskakorit,poljinroska-astiat<\/i><\/p>\n","protected":false},"excerpt":{"rendered":"<p>Rosteriter\u00e4ksinen poljinroska-astia 20 litraa, sis\u00e4astialla Tyylik\u00e4s ja j\u00e4m\u00e4kk\u00e4 poljinroska-kori tiloihin miss\u00e4 tiivis,turvallinen ja siisti roskakori on tarpeen. Ominaisuudet Metallinen roska-astia, poljinmekanismilla Tuotteen sis\u00e4tilavuuson 20 litraa Astian korkeus 440 mm ja l\u00e4pimitta 290 mm Sis\u00e4puolella irrotettava sis\u00e4astia kantokahvalla Hiljainenpoljinmekanismi ilmatiiviill\u00e4 kannella Astia on krominv\u00e4rist\u00e4metallia Toimittajan tuotenro. 6568A20Z Clean importhakusanat: poljinroska\u00e4mp\u00e4rit, roskis, roskakorit, poljinroskakorit,poljinroska-astiat<\/p>\n","protected":false},"featured_media":100672,"comment_status":"open","ping_status":"closed","template":"","meta":[],"product_brand":[],"product_cat":[3137],"product_tag":[],"class_list":{"0":"post-65109","1":"product","2":"type-product","3":"status-publish","4":"has-post-thumbnail","6":"product_cat-siivousvalineet-ja-tarvikkeet-jateastiat-poljinkannella","8":"first","9":"instock","10":"shipping-taxable","11":"purchasable","12":"product-type-simple"},"_links":{"self":[{"href":"https:\/\/logistiikkakeskus.net\/kauppa\/wp-json\/wp\/v2\/product\/65109","targetHints":{"allow":["GET"]}}],"collection":[{"href":"https:\/\/logistiikkakeskus.net\/kauppa\/wp-json\/wp\/v2\/product"}],"about":[{"href":"https:\/\/logistiikkakeskus.net\/kauppa\/wp-json\/wp\/v2\/types\/product"}],"replies":[{"embeddable":true,"href":"https:\/\/logistiikkakeskus.net\/kauppa\/wp-json\/wp\/v2\/comments?post=65109"}],"wp:featuredmedia":[{"embeddable":true,"href":"https:\/\/logistiikkakeskus.net\/kauppa\/wp-json\/wp\/v2\/media\/100672"}],"wp:attachment":[{"href":"https:\/\/logistiikkakeskus.net\/kauppa\/wp-json\/wp\/v2\/media?parent=65109"}],"wp:term":[{"taxonomy":"product_brand","embeddable":true,"href":"https:\/\/logistiikkakeskus.net\/kauppa\/wp-json\/wp\/v2\/product_brand?post=65109"},{"taxonomy":"product_cat","embeddable":true,"href":"https:\/\/logistiikkakeskus.net\/kauppa\/wp-json\/wp\/v2\/product_cat?post=65109"},{"taxonomy":"product_tag","embeddable":true,"href":"https:\/\/logistiikkakeskus.net\/kauppa\/wp-json\/wp\/v2\/product_tag?post=65109"}],"curies":[{"name":"wp","href":"https:\/\/api.w.org\/{rel}","templated":true}]}}