{"id":65031,"date":"2022-12-01T08:42:31","date_gmt":"2022-12-01T08:42:31","guid":{"rendered":"https:\/\/logistiikkakeskus.net\/kauppa\/tuote\/ikkunakuivaimen-vaihtokumi-35cm-ettore\/"},"modified":"2026-01-20T09:13:31","modified_gmt":"2026-01-20T07:13:31","slug":"ikkunakuivaimen-vaihtokumi-35cm-ettore","status":"publish","type":"product","link":"https:\/\/logistiikkakeskus.net\/kauppa\/tuote\/ikkunakuivaimen-vaihtokumi-35cm-ettore\/","title":{"rendered":"Ikkunakuivaimen vaihtokumi 35cm Ettore"},"content":{"rendered":"<p>Ikkunakuivaimen vaihtokumi Ettore 350 mm<\/p>\n<p>Ikkunoiden ammattimaiseen kuivaamiseen soveltuva alkuper\u00e4inenEttorevaihtokumi 350 mm, joka tuottaa raidatonta kuivausj\u00e4lke\u00e4 yhdell\u00e4vedolla. Vaihtokumi sopii Ettore-ikkunakuivaimen runkoon (tuotenro10851).<\/p>\n<p>Muut osat:<\/p>\n<ul>\n<li>10850 Ikkunakuivaimen superkahva Ettore\n<li>10851 Ikkunakuivaimen runko+kumi 35cm Ettore\n<li>10856 Ikkunapesimen vaihtonukka 35cm<\/ul>\n<p><i>Hakusanat: ikkunankuivain, ikkunanpesin,ikkunanpesuv\u00e4lineet<\/i><\/p>\n","protected":false},"excerpt":{"rendered":"<p>Ikkunakuivaimen vaihtokumi Ettore 350 mm Ikkunoiden ammattimaiseen kuivaamiseen soveltuva alkuper\u00e4inenEttorevaihtokumi 350 mm, joka tuottaa raidatonta kuivausj\u00e4lke\u00e4 yhdell\u00e4vedolla. Vaihtokumi sopii Ettore-ikkunakuivaimen runkoon (tuotenro10851). Muut osat: 10850 Ikkunakuivaimen superkahva Ettore 10851 Ikkunakuivaimen runko+kumi 35cm Ettore 10856 Ikkunapesimen vaihtonukka 35cm Hakusanat: ikkunankuivain, ikkunanpesin,ikkunanpesuv\u00e4lineet<\/p>\n","protected":false},"featured_media":100644,"comment_status":"open","ping_status":"closed","template":"","meta":[],"product_brand":[],"product_cat":[3128],"product_tag":[],"class_list":{"0":"post-65031","1":"product","2":"type-product","3":"status-publish","4":"has-post-thumbnail","6":"product_cat-siivousvalineet-ja-tarvikkeet-kuivaimet-ikkunankuivaimet","8":"first","9":"instock","10":"shipping-taxable","11":"purchasable","12":"product-type-simple"},"_links":{"self":[{"href":"https:\/\/logistiikkakeskus.net\/kauppa\/wp-json\/wp\/v2\/product\/65031","targetHints":{"allow":["GET"]}}],"collection":[{"href":"https:\/\/logistiikkakeskus.net\/kauppa\/wp-json\/wp\/v2\/product"}],"about":[{"href":"https:\/\/logistiikkakeskus.net\/kauppa\/wp-json\/wp\/v2\/types\/product"}],"replies":[{"embeddable":true,"href":"https:\/\/logistiikkakeskus.net\/kauppa\/wp-json\/wp\/v2\/comments?post=65031"}],"wp:featuredmedia":[{"embeddable":true,"href":"https:\/\/logistiikkakeskus.net\/kauppa\/wp-json\/wp\/v2\/media\/100644"}],"wp:attachment":[{"href":"https:\/\/logistiikkakeskus.net\/kauppa\/wp-json\/wp\/v2\/media?parent=65031"}],"wp:term":[{"taxonomy":"product_brand","embeddable":true,"href":"https:\/\/logistiikkakeskus.net\/kauppa\/wp-json\/wp\/v2\/product_brand?post=65031"},{"taxonomy":"product_cat","embeddable":true,"href":"https:\/\/logistiikkakeskus.net\/kauppa\/wp-json\/wp\/v2\/product_cat?post=65031"},{"taxonomy":"product_tag","embeddable":true,"href":"https:\/\/logistiikkakeskus.net\/kauppa\/wp-json\/wp\/v2\/product_tag?post=65031"}],"curies":[{"name":"wp","href":"https:\/\/api.w.org\/{rel}","templated":true}]}}