{"id":65029,"date":"2022-12-01T08:42:31","date_gmt":"2022-12-01T08:42:31","guid":{"rendered":"https:\/\/logistiikkakeskus.net\/kauppa\/tuote\/ikkunakuivaimen-runkokumi-35cm-ettore\/"},"modified":"2026-01-20T09:13:31","modified_gmt":"2026-01-20T07:13:31","slug":"ikkunakuivaimen-runkokumi-35cm-ettore","status":"publish","type":"product","link":"https:\/\/logistiikkakeskus.net\/kauppa\/tuote\/ikkunakuivaimen-runkokumi-35cm-ettore\/","title":{"rendered":"Ikkunakuivaimen runko+kumi 35cm Ettore"},"content":{"rendered":"<p>Ikkunakuivaimen kisko+kumi Ettore 35 cm<\/p>\n<p>Ikkunoiden ammattimaiseen kuivaukseen sopiva  ikkunakuivaimenmessinkinen runko, jonka mukana tulee Ettore-sarjan alkuper\u00e4inen 350mmvaihtokumi. Vaihtokumi pysyy paikallaan mukana tulevillakuminpidikkeill\u00e4.<\/p>\n<p>HUOM! Toimivaan kuivaimeen tarvitset my\u00f6s ikkunakuivaimenkahvan(tuotenro 10850).<\/p>\n<p>Muut osat:<\/p>\n<ul>\n<li>10850 Ikkunakuivaimen superkahva Ettore\n<li>10854 Ikkunakuivaimen vaihtokumi 35cm Ettore\n<li>10856 Ikkunapesimen vaihtonukka 35cm<\/ul>\n<p>Hakusanat: ikkunankuivain, ikkunanpesin, ikkunanpesuv\u00e4lineet,akkunankuivain<\/p>\n","protected":false},"excerpt":{"rendered":"<p>Ikkunakuivaimen kisko+kumi Ettore 35 cm Ikkunoiden ammattimaiseen kuivaukseen sopiva ikkunakuivaimenmessinkinen runko, jonka mukana tulee Ettore-sarjan alkuper\u00e4inen 350mmvaihtokumi. Vaihtokumi pysyy paikallaan mukana tulevillakuminpidikkeill\u00e4. HUOM! Toimivaan kuivaimeen tarvitset my\u00f6s ikkunakuivaimenkahvan(tuotenro 10850). Muut osat: 10850 Ikkunakuivaimen superkahva Ettore 10854 Ikkunakuivaimen vaihtokumi 35cm Ettore 10856 Ikkunapesimen vaihtonukka 35cm Hakusanat: ikkunankuivain, ikkunanpesin, ikkunanpesuv\u00e4lineet,akkunankuivain<\/p>\n","protected":false},"featured_media":100643,"comment_status":"open","ping_status":"closed","template":"","meta":[],"product_brand":[],"product_cat":[3128],"product_tag":[],"class_list":{"0":"post-65029","1":"product","2":"type-product","3":"status-publish","4":"has-post-thumbnail","6":"product_cat-siivousvalineet-ja-tarvikkeet-kuivaimet-ikkunankuivaimet","8":"first","9":"instock","10":"shipping-taxable","11":"purchasable","12":"product-type-simple"},"_links":{"self":[{"href":"https:\/\/logistiikkakeskus.net\/kauppa\/wp-json\/wp\/v2\/product\/65029","targetHints":{"allow":["GET"]}}],"collection":[{"href":"https:\/\/logistiikkakeskus.net\/kauppa\/wp-json\/wp\/v2\/product"}],"about":[{"href":"https:\/\/logistiikkakeskus.net\/kauppa\/wp-json\/wp\/v2\/types\/product"}],"replies":[{"embeddable":true,"href":"https:\/\/logistiikkakeskus.net\/kauppa\/wp-json\/wp\/v2\/comments?post=65029"}],"wp:featuredmedia":[{"embeddable":true,"href":"https:\/\/logistiikkakeskus.net\/kauppa\/wp-json\/wp\/v2\/media\/100643"}],"wp:attachment":[{"href":"https:\/\/logistiikkakeskus.net\/kauppa\/wp-json\/wp\/v2\/media?parent=65029"}],"wp:term":[{"taxonomy":"product_brand","embeddable":true,"href":"https:\/\/logistiikkakeskus.net\/kauppa\/wp-json\/wp\/v2\/product_brand?post=65029"},{"taxonomy":"product_cat","embeddable":true,"href":"https:\/\/logistiikkakeskus.net\/kauppa\/wp-json\/wp\/v2\/product_cat?post=65029"},{"taxonomy":"product_tag","embeddable":true,"href":"https:\/\/logistiikkakeskus.net\/kauppa\/wp-json\/wp\/v2\/product_tag?post=65029"}],"curies":[{"name":"wp","href":"https:\/\/api.w.org\/{rel}","templated":true}]}}