{"id":65027,"date":"2022-12-01T08:42:30","date_gmt":"2022-12-01T08:42:30","guid":{"rendered":"https:\/\/logistiikkakeskus.net\/kauppa\/tuote\/ikkunakuivaimen-superkahva-ettore\/"},"modified":"2026-01-20T09:13:31","modified_gmt":"2026-01-20T07:13:31","slug":"ikkunakuivaimen-superkahva-ettore","status":"publish","type":"product","link":"https:\/\/logistiikkakeskus.net\/kauppa\/tuote\/ikkunakuivaimen-superkahva-ettore\/","title":{"rendered":"Ikkunakuivaimen superkahva Ettore"},"content":{"rendered":"<p>Superkahva Ettore, ikkunanpesuv\u00e4lineille<\/p>\n<p>Ikkunoiden ammattimaiseen pesuun mukava ja helppok\u00e4ytt\u00f6inensuperkahva, joka sopii Ettore- sarjan messinkiseen ikkunakuivainkiskoon.Kiskon irrottaminen ja siirt\u00e4minen on helppoa k\u00e4tev\u00e4n kahvanpikalukituksen ansiosta. Nivelletty kahvatoimii jatkovarsien kanssa.Sopii Swep-varteen kartioliittimen avulla.<\/p>\n<p>Muut osat:<\/p>\n<ul>\n<li>10851 Ikkunakuivaimen runko+kumi 35cm Ettore\n<li>10854 Ikkunakuivaimen vaihtokumi 35cm Ettore\n<li>10856 Ikkunapesimen vaihtonukka 35cm<\/ul>\n<p><i>Hakusanat: siivousv\u00e4lineet, ikkunanpesuv\u00e4lineet,ikkunankuivain<\/i><\/p>\n","protected":false},"excerpt":{"rendered":"<p>Superkahva Ettore, ikkunanpesuv\u00e4lineille Ikkunoiden ammattimaiseen pesuun mukava ja helppok\u00e4ytt\u00f6inensuperkahva, joka sopii Ettore- sarjan messinkiseen ikkunakuivainkiskoon.Kiskon irrottaminen ja siirt\u00e4minen on helppoa k\u00e4tev\u00e4n kahvanpikalukituksen ansiosta. Nivelletty kahvatoimii jatkovarsien kanssa.Sopii Swep-varteen kartioliittimen avulla. Muut osat: 10851 Ikkunakuivaimen runko+kumi 35cm Ettore 10854 Ikkunakuivaimen vaihtokumi 35cm Ettore 10856 Ikkunapesimen vaihtonukka 35cm Hakusanat: siivousv\u00e4lineet, ikkunanpesuv\u00e4lineet,ikkunankuivain<\/p>\n","protected":false},"featured_media":100642,"comment_status":"open","ping_status":"closed","template":"","meta":[],"product_brand":[],"product_cat":[3128],"product_tag":[],"class_list":{"0":"post-65027","1":"product","2":"type-product","3":"status-publish","4":"has-post-thumbnail","6":"product_cat-siivousvalineet-ja-tarvikkeet-kuivaimet-ikkunankuivaimet","8":"first","9":"instock","10":"shipping-taxable","11":"purchasable","12":"product-type-simple"},"_links":{"self":[{"href":"https:\/\/logistiikkakeskus.net\/kauppa\/wp-json\/wp\/v2\/product\/65027","targetHints":{"allow":["GET"]}}],"collection":[{"href":"https:\/\/logistiikkakeskus.net\/kauppa\/wp-json\/wp\/v2\/product"}],"about":[{"href":"https:\/\/logistiikkakeskus.net\/kauppa\/wp-json\/wp\/v2\/types\/product"}],"replies":[{"embeddable":true,"href":"https:\/\/logistiikkakeskus.net\/kauppa\/wp-json\/wp\/v2\/comments?post=65027"}],"wp:featuredmedia":[{"embeddable":true,"href":"https:\/\/logistiikkakeskus.net\/kauppa\/wp-json\/wp\/v2\/media\/100642"}],"wp:attachment":[{"href":"https:\/\/logistiikkakeskus.net\/kauppa\/wp-json\/wp\/v2\/media?parent=65027"}],"wp:term":[{"taxonomy":"product_brand","embeddable":true,"href":"https:\/\/logistiikkakeskus.net\/kauppa\/wp-json\/wp\/v2\/product_brand?post=65027"},{"taxonomy":"product_cat","embeddable":true,"href":"https:\/\/logistiikkakeskus.net\/kauppa\/wp-json\/wp\/v2\/product_cat?post=65027"},{"taxonomy":"product_tag","embeddable":true,"href":"https:\/\/logistiikkakeskus.net\/kauppa\/wp-json\/wp\/v2\/product_tag?post=65027"}],"curies":[{"name":"wp","href":"https:\/\/api.w.org\/{rel}","templated":true}]}}