{"id":65025,"date":"2022-12-01T08:42:30","date_gmt":"2022-12-01T08:42:30","guid":{"rendered":"https:\/\/logistiikkakeskus.net\/kauppa\/tuote\/ikkunakuivain-ettore-35cm-edullinen\/"},"modified":"2026-01-20T09:13:31","modified_gmt":"2026-01-20T07:13:31","slug":"ikkunakuivain-ettore-35cm-edullinen","status":"publish","type":"product","link":"https:\/\/logistiikkakeskus.net\/kauppa\/tuote\/ikkunakuivain-ettore-35cm-edullinen\/","title":{"rendered":"Ikkunakuivain Unger UniTech 30 cm"},"content":{"rendered":"<p>Kevyt ja edullinen ikkunankuivain kiinte\u00e4ll\u00e4 kumilla -toimitetaanvalmiiksi kasattuna.<\/p>\n<p><i>Hakusanat: siivousv\u00e4lineet, siivoustarvikkeet,ikkunanpesuv\u00e4lineet, ikkunapesu, ikkunankuivain, ikkunakuivaina<\/i><\/p>\n","protected":false},"excerpt":{"rendered":"<p>Kevyt ja edullinen ikkunankuivain kiinte\u00e4ll\u00e4 kumilla -toimitetaanvalmiiksi kasattuna. Hakusanat: siivousv\u00e4lineet, siivoustarvikkeet,ikkunanpesuv\u00e4lineet, ikkunapesu, ikkunankuivain, ikkunakuivaina<\/p>\n","protected":false},"featured_media":100641,"comment_status":"open","ping_status":"closed","template":"","meta":[],"product_brand":[],"product_cat":[3128],"product_tag":[],"class_list":{"0":"post-65025","1":"product","2":"type-product","3":"status-publish","4":"has-post-thumbnail","6":"product_cat-siivousvalineet-ja-tarvikkeet-kuivaimet-ikkunankuivaimet","8":"first","9":"instock","10":"shipping-taxable","11":"purchasable","12":"product-type-simple"},"_links":{"self":[{"href":"https:\/\/logistiikkakeskus.net\/kauppa\/wp-json\/wp\/v2\/product\/65025","targetHints":{"allow":["GET"]}}],"collection":[{"href":"https:\/\/logistiikkakeskus.net\/kauppa\/wp-json\/wp\/v2\/product"}],"about":[{"href":"https:\/\/logistiikkakeskus.net\/kauppa\/wp-json\/wp\/v2\/types\/product"}],"replies":[{"embeddable":true,"href":"https:\/\/logistiikkakeskus.net\/kauppa\/wp-json\/wp\/v2\/comments?post=65025"}],"wp:featuredmedia":[{"embeddable":true,"href":"https:\/\/logistiikkakeskus.net\/kauppa\/wp-json\/wp\/v2\/media\/100641"}],"wp:attachment":[{"href":"https:\/\/logistiikkakeskus.net\/kauppa\/wp-json\/wp\/v2\/media?parent=65025"}],"wp:term":[{"taxonomy":"product_brand","embeddable":true,"href":"https:\/\/logistiikkakeskus.net\/kauppa\/wp-json\/wp\/v2\/product_brand?post=65025"},{"taxonomy":"product_cat","embeddable":true,"href":"https:\/\/logistiikkakeskus.net\/kauppa\/wp-json\/wp\/v2\/product_cat?post=65025"},{"taxonomy":"product_tag","embeddable":true,"href":"https:\/\/logistiikkakeskus.net\/kauppa\/wp-json\/wp\/v2\/product_tag?post=65025"}],"curies":[{"name":"wp","href":"https:\/\/api.w.org\/{rel}","templated":true}]}}