{"id":65021,"date":"2022-12-01T08:42:29","date_gmt":"2022-12-01T08:42:29","guid":{"rendered":"https:\/\/logistiikkakeskus.net\/kauppa\/tuote\/teravakuivaimen-swep-moppiosa-50-cm\/"},"modified":"2026-01-20T09:13:30","modified_gmt":"2026-01-20T07:13:30","slug":"teravakuivaimen-swep-moppiosa-50-cm","status":"publish","type":"product","link":"https:\/\/logistiikkakeskus.net\/kauppa\/tuote\/teravakuivaimen-swep-moppiosa-50-cm\/","title":{"rendered":"Ter\u00e4v\u00e4kuivaimen Swep-moppiosa 50 cm"},"content":{"rendered":"<h2>Ter\u00e4v\u00e4kuivaimen Vileda Swep kuivainmoppi 50 cm, 2-puolinen<\/h2>\n<p>Ter\u00e4v\u00e4kuivaimen kuivainmopilla p\u00e4\u00e4set puhdistamaan n\u00e4pp\u00e4r\u00e4stipienet\/ahtaat tilat  sek\u00e4 lattian-\/katonrajat, minne perinteinenlevykehys ei sovellu.<\/p>\n<ul>\n<li>Pujotat mopin helposti 50 cm ter\u00e4v\u00e4kuivaimen p\u00e4\u00e4lle\n<li>Kaksipuolinen &#8211; toinen pitk\u00e4karvaista mikrokuitulankaa jatoinenlyhytt\u00e4 mikrokuitua\n<li>Meilt\u00e4 my\u00f6s: 10750 Ter\u00e4v\u00e4kuivain Vileda Swep 50 cm<\/ul>\n<p><i>Hakusanat: siivoustarvikkeet, siivousv\u00e4lineet, mopit,moppij\u00e4rjestelm\u00e4, lankaosat<\/i><\/p>\n","protected":false},"excerpt":{"rendered":"<p>Ter\u00e4v\u00e4kuivaimen Vileda Swep kuivainmoppi 50 cm, 2-puolinen Ter\u00e4v\u00e4kuivaimen kuivainmopilla p\u00e4\u00e4set puhdistamaan n\u00e4pp\u00e4r\u00e4stipienet\/ahtaat tilat sek\u00e4 lattian-\/katonrajat, minne perinteinenlevykehys ei sovellu. Pujotat mopin helposti 50 cm ter\u00e4v\u00e4kuivaimen p\u00e4\u00e4lle Kaksipuolinen &#8211; toinen pitk\u00e4karvaista mikrokuitulankaa jatoinenlyhytt\u00e4 mikrokuitua Meilt\u00e4 my\u00f6s: 10750 Ter\u00e4v\u00e4kuivain Vileda Swep 50 cm Hakusanat: siivoustarvikkeet, siivousv\u00e4lineet, mopit,moppij\u00e4rjestelm\u00e4, lankaosat<\/p>\n","protected":false},"featured_media":100639,"comment_status":"open","ping_status":"closed","template":"","meta":[],"product_brand":[],"product_cat":[3127],"product_tag":[],"class_list":{"0":"post-65021","1":"product","2":"type-product","3":"status-publish","4":"has-post-thumbnail","6":"product_cat-siivousvalineet-ja-tarvikkeet-kuivaimet-lattiankuivaimet","8":"first","9":"instock","10":"shipping-taxable","11":"purchasable","12":"product-type-simple"},"_links":{"self":[{"href":"https:\/\/logistiikkakeskus.net\/kauppa\/wp-json\/wp\/v2\/product\/65021","targetHints":{"allow":["GET"]}}],"collection":[{"href":"https:\/\/logistiikkakeskus.net\/kauppa\/wp-json\/wp\/v2\/product"}],"about":[{"href":"https:\/\/logistiikkakeskus.net\/kauppa\/wp-json\/wp\/v2\/types\/product"}],"replies":[{"embeddable":true,"href":"https:\/\/logistiikkakeskus.net\/kauppa\/wp-json\/wp\/v2\/comments?post=65021"}],"wp:featuredmedia":[{"embeddable":true,"href":"https:\/\/logistiikkakeskus.net\/kauppa\/wp-json\/wp\/v2\/media\/100639"}],"wp:attachment":[{"href":"https:\/\/logistiikkakeskus.net\/kauppa\/wp-json\/wp\/v2\/media?parent=65021"}],"wp:term":[{"taxonomy":"product_brand","embeddable":true,"href":"https:\/\/logistiikkakeskus.net\/kauppa\/wp-json\/wp\/v2\/product_brand?post=65021"},{"taxonomy":"product_cat","embeddable":true,"href":"https:\/\/logistiikkakeskus.net\/kauppa\/wp-json\/wp\/v2\/product_cat?post=65021"},{"taxonomy":"product_tag","embeddable":true,"href":"https:\/\/logistiikkakeskus.net\/kauppa\/wp-json\/wp\/v2\/product_tag?post=65021"}],"curies":[{"name":"wp","href":"https:\/\/api.w.org\/{rel}","templated":true}]}}